{"id":166427,"date":"2026-02-03T19:21:33","date_gmt":"2026-02-03T19:21:33","guid":{"rendered":"https:\/\/dirtywebsite.fi\/totte\/?page_id=166427"},"modified":"2026-02-09T10:52:19","modified_gmt":"2026-02-09T10:52:19","slug":"miksaus","status":"publish","type":"page","link":"https:\/\/dirtywebsite.fi\/totte\/miksaus\/","title":{"rendered":"Miksaus"},"content":{"rendered":"<div class=\"wpb-content-wrapper\"><p>[vc_row unlock_row_content=&#8221;yes&#8221; row_height_percent=&#8221;100&#8243; override_padding=&#8221;yes&#8221; h_padding=&#8221;3&#8243; top_padding=&#8221;2&#8243; bottom_padding=&#8221;0&#8243; overlay_alpha=&#8221;50&#8243; gutter_size=&#8221;3&#8243; column_width_percent=&#8221;100&#8243; shift_y=&#8221;0&#8243; z_index=&#8221;0&#8243; bottom_divider=&#8221;step&#8221; content_parallax=&#8221;0&#8243; animation_bottom_space=&#8221;0&#8243; uncode_shortcode_id=&#8221;203345&#8243;][vc_column column_width_percent=&#8221;100&#8243; position_vertical=&#8221;middle&#8221; align_horizontal=&#8221;align_center&#8221; gutter_size=&#8221;6&#8243; style=&#8221;dark&#8221; overlay_alpha=&#8221;50&#8243; shift_x=&#8221;0&#8243; shift_y=&#8221;0&#8243; shift_y_down=&#8221;0&#8243; z_index=&#8221;0&#8243; medium_width=&#8221;0&#8243; mobile_width=&#8221;0&#8243; css_animation=&#8221;bottom-t-top&#8221; animation_speed=&#8221;1200&#8243; animation_delay=&#8221;400&#8243; width=&#8221;1\/1&#8243; uncode_shortcode_id=&#8221;814078&#8243;][vc_row_inner row_inner_height_percent=&#8221;0&#8243; overlay_alpha=&#8221;50&#8243; gutter_size=&#8221;3&#8243; shift_y=&#8221;0&#8243; z_index=&#8221;1&#8243; uncode_shortcode_id=&#8221;506338&#8243; limit_content=&#8221;&#8221;][vc_column_inner column_width_percent=&#8221;100&#8243; gutter_size=&#8221;0&#8243; overlay_alpha=&#8221;50&#8243; shift_x=&#8221;0&#8243; shift_y=&#8221;0&#8243; shift_y_down=&#8221;0&#8243; z_index=&#8221;0&#8243; medium_width=&#8221;0&#8243; mobile_width=&#8221;0&#8243; width=&#8221;1\/1&#8243; uncode_shortcode_id=&#8221;113758&#8243;][vc_single_image media=&#8221;166494&#8243; media_width_percent=&#8221;100&#8243; alignment=&#8221;center&#8221; shape=&#8221;img-round&#8221; radius=&#8221;xl&#8221; advanced_videos=&#8221;yes&#8221; mobile_videos=&#8221;autoplay&#8221; custom_cursor=&#8221;diff&#8221; uncode_shortcode_id=&#8221;600565&#8243;][\/vc_column_inner][\/vc_row_inner][\/vc_column][\/vc_row][vc_row unlock_row_content=&#8221;yes&#8221; row_height_percent=&#8221;0&#8243; override_padding=&#8221;yes&#8221; h_padding=&#8221;4&#8243; top_padding=&#8221;2&#8243; bottom_padding=&#8221;3&#8243; overlay_alpha=&#8221;50&#8243; gutter_size=&#8221;3&#8243; column_width_percent=&#8221;100&#8243; shift_y=&#8221;0&#8243; z_index=&#8221;0&#8243; bottom_divider=&#8221;step&#8221; content_parallax=&#8221;0&#8243; animation_bottom_space=&#8221;0&#8243; uncode_shortcode_id=&#8221;150630&#8243;][vc_column column_width_percent=&#8221;100&#8243; position_vertical=&#8221;middle&#8221; align_horizontal=&#8221;align_center&#8221; gutter_size=&#8221;6&#8243; style=&#8221;light&#8221; overlay_alpha=&#8221;50&#8243; shift_x=&#8221;0&#8243; shift_y=&#8221;0&#8243; shift_y_down=&#8221;0&#8243; z_index=&#8221;0&#8243; medium_width=&#8221;0&#8243; mobile_width=&#8221;0&#8243; css_animation=&#8221;bottom-t-top&#8221; animation_speed=&#8221;1200&#8243; animation_delay=&#8221;400&#8243; width=&#8221;1\/1&#8243; uncode_shortcode_id=&#8221;106077&#8243;][vc_row_inner row_inner_height_percent=&#8221;0&#8243; overlay_alpha=&#8221;50&#8243; gutter_size=&#8221;4&#8243; shift_y=&#8221;0&#8243; z_index=&#8221;1&#8243; uncode_shortcode_id=&#8221;136002&#8243; limit_content=&#8221;&#8221;][vc_column_inner column_width_percent=&#8221;100&#8243; position_vertical=&#8221;middle&#8221; align_horizontal=&#8221;align_center&#8221; gutter_size=&#8221;3&#8243; style=&#8221;light&#8221; overlay_alpha=&#8221;50&#8243; shift_x=&#8221;0&#8243; shift_y=&#8221;0&#8243; shift_y_down=&#8221;0&#8243; z_index=&#8221;0&#8243; medium_width=&#8221;4&#8243; mobile_width=&#8221;0&#8243; width=&#8221;1\/2&#8243; uncode_shortcode_id=&#8221;103110&#8243;][vc_custom_heading heading_semantic=&#8221;h1&#8243; text_font=&#8221;font-144306&#8243; text_size=&#8221;bigtext&#8221; text_weight=&#8221;400&#8243; text_height=&#8221;fontheight-161249&#8243; text_italic=&#8221;yes&#8221; uncode_shortcode_id=&#8221;193652&#8243;]Miksaus[\/vc_custom_heading][\/vc_column_inner][vc_column_inner column_width_percent=&#8221;100&#8243; position_vertical=&#8221;middle&#8221; gutter_size=&#8221;3&#8243; overlay_alpha=&#8221;50&#8243; shift_x=&#8221;0&#8243; shift_y=&#8221;0&#8243; shift_y_down=&#8221;0&#8243; z_index=&#8221;0&#8243; medium_width=&#8221;4&#8243; mobile_width=&#8221;0&#8243; width=&#8221;1\/2&#8243; uncode_shortcode_id=&#8221;121622&#8243;][vc_custom_heading heading_semantic=&#8221;p&#8221; text_size=&#8221;h5&#8243; subheading=&#8221;Voimakas ja toimiva miksaus voi synty\u00e4 t\u00e4ydellisess\u00e4 balanssissa soivista elementeist\u00e4 \u2013 mutta joskus rohkeat kontrastit ja r\u00f6yhke\u00e4t esilletuonnit tekev\u00e4t kappaleesta kiinnostavamman.&#8221; uncode_shortcode_id=&#8221;204151&#8243;]Tasapainoa vai kontrasteja?[\/vc_custom_heading][\/vc_column_inner][\/vc_row_inner][\/vc_column][\/vc_row][vc_row row_height_percent=&#8221;50&#8243; override_padding=&#8221;yes&#8221; h_padding=&#8221;2&#8243; top_padding=&#8221;3&#8243; bottom_padding=&#8221;2&#8243; overlay_alpha=&#8221;50&#8243; gutter_size=&#8221;4&#8243; column_width_percent=&#8221;100&#8243; shift_y=&#8221;0&#8243; z_index=&#8221;0&#8243; inverted_device_order=&#8221;yes&#8221; content_parallax=&#8221;0&#8243; uncode_shortcode_id=&#8221;973425&#8243;][vc_column column_width_use_pixel=&#8221;yes&#8221; position_vertical=&#8221;middle&#8221; gutter_size=&#8221;3&#8243; style=&#8221;light&#8221; overlay_alpha=&#8221;50&#8243; shift_x=&#8221;0&#8243; shift_y=&#8221;0&#8243; shift_y_down=&#8221;0&#8243; z_index=&#8221;0&#8243; medium_width=&#8221;4&#8243; mobile_width=&#8221;0&#8243; width=&#8221;1\/2&#8243; column_width_pixel=&#8221;900&#8243; uncode_shortcode_id=&#8221;117469&#8243;][vc_custom_heading heading_semantic=&#8221;h3&#8243; text_font=&#8221;font-144306&#8243; text_size=&#8221;fontsize-155944&#8243; text_weight=&#8221;400&#8243; text_italic=&#8221;yes&#8221; subheading=&#8221;Aloitan miksaamisen digitaalisesti dawissa, mutta suosin summauksia, efektointeja ja soundien s\u00e4vytt\u00e4mist\u00e4 eri analogisten laitteideni avulla.<\/p>\n<p>Miksauksen hinta koostuu raitojen m\u00e4\u00e4r\u00e4st\u00e4, kappaleiden pituudesta ja projektin suuruudesta.&#8221; uncode_shortcode_id=&#8221;584807&#8243; text_color_type=&#8221;uncode-palette&#8221; text_color_solid=&#8221;#ff0000&#8243;]Mix workflow[\/vc_custom_heading][vc_custom_heading text_color=&#8221;accent&#8221; heading_semantic=&#8221;p&#8221; text_font=&#8221;font-161747&#8243; text_size=&#8221;h4&#8243; sub_lead=&#8221;small&#8221; uncode_shortcode_id=&#8221;573208&#8243; text_color_type=&#8221;uncode-palette&#8221;]Ota yhteytt\u00e4 ja kysy tarjous![\/vc_custom_heading][\/vc_column][vc_column column_width_percent=&#8221;100&#8243; gutter_size=&#8221;3&#8243; overlay_alpha=&#8221;50&#8243; shift_x=&#8221;0&#8243; shift_y=&#8221;0&#8243; shift_y_down=&#8221;0&#8243; z_index=&#8221;0&#8243; medium_width=&#8221;4&#8243; mobile_width=&#8221;0&#8243; sticky=&#8221;yes&#8221; width=&#8221;1\/2&#8243; uncode_shortcode_id=&#8221;292261&#8243;][vc_single_image media=&#8221;166493&#8243; media_width_percent=&#8221;100&#8243; media_ratio=&#8221;one-one&#8221; shape=&#8221;img-round&#8221; radius=&#8221;xl&#8221; advanced_videos=&#8221;yes&#8221; mobile_videos=&#8221;autoplay&#8221; uncode_shortcode_id=&#8221;117410&#8243;][\/vc_column][\/vc_row][vc_section back_color=&#8221;color-xsdn&#8221; overlay_alpha=&#8221;50&#8243; content_parallax=&#8221;5&#8243; uncode_shortcode_id=&#8221;116935&#8243; back_color_type=&#8221;uncode-palette&#8221;][vc_row unlock_row_content=&#8221;yes&#8221; row_height_percent=&#8221;0&#8243; override_padding=&#8221;yes&#8221; h_padding=&#8221;3&#8243; top_padding=&#8221;2&#8243; bottom_padding=&#8221;0&#8243; overlay_alpha=&#8221;50&#8243; gutter_size=&#8221;3&#8243; column_width_percent=&#8221;100&#8243; shift_y=&#8221;0&#8243; z_index=&#8221;0&#8243; css_animation=&#8221;scroll-trigger&#8221; animate_el=&#8221;content&#8221; animation_scale_val=&#8221;100&#8243; animation_opacity=&#8221;0&#8243; animation_x=&#8221;0&#8243; animation_y=&#8221;0&#8243; animation_blur=&#8221;0&#8243; animation_rotate=&#8221;0&#8243; animation_perspective=&#8221;0&#8243; animation_offset_top=&#8221;100&#8243; animation_offset_bottom=&#8221;0&#8243; animation_safe=&#8221;yes&#8221; disable_mobile=&#8221;yes&#8221; disable_tablet=&#8221;yes&#8221; content_parallax=&#8221;0&#8243; uncode_shortcode_id=&#8221;188539&#8243; css=&#8221;.vc_custom_1739292798118{padding-bottom: 9px !important;}&#8221;][vc_column column_width_percent=&#8221;100&#8243; position_vertical=&#8221;bottom&#8221; gutter_size=&#8221;4&#8243; style=&#8221;light&#8221; overlay_alpha=&#8221;50&#8243; shift_x=&#8221;0&#8243; shift_y=&#8221;0&#8243; shift_y_down=&#8221;0&#8243; z_index=&#8221;0&#8243; medium_width=&#8221;0&#8243; mobile_width=&#8221;0&#8243; width=&#8221;1\/1&#8243; uncode_shortcode_id=&#8221;108348&#8243; el_class=&#8221;skin-links&#8221;][vc_separator sep_color=&#8221;color-prif&#8221; uncode_shortcode_id=&#8221;211680&#8243; sep_color_type=&#8221;uncode-palette&#8221;][vc_row_inner row_inner_height_percent=&#8221;0&#8243; overlay_alpha=&#8221;50&#8243; gutter_size=&#8221;6&#8243; shift_y=&#8221;0&#8243; z_index=&#8221;0&#8243; limit_content=&#8221;&#8221; uncode_shortcode_id=&#8221;881333&#8243;][vc_column_inner column_width_percent=&#8221;100&#8243; position_vertical=&#8221;middle&#8221; gutter_size=&#8221;3&#8243; style=&#8221;light&#8221; overlay_alpha=&#8221;50&#8243; shift_x=&#8221;0&#8243; shift_y=&#8221;0&#8243; shift_y_down=&#8221;0&#8243; z_index=&#8221;0&#8243; align_medium=&#8221;align_center_tablet&#8221; medium_width=&#8221;7&#8243; align_mobile=&#8221;align_center_mobile&#8221; mobile_width=&#8221;7&#8243; width=&#8221;3\/12&#8243; uncode_shortcode_id=&#8221;367037&#8243;][vc_button size=&#8221;link&#8221; btn_link_size=&#8221;h2&#8243; btn_link_underline=&#8221;btn-underline-in&#8221; custom_typo=&#8221;yes&#8221; font_family=&#8221;font-144306&#8243; font_weight=&#8221;400&#8243; italic=&#8221;yes&#8221; uncode_shortcode_id=&#8221;140860&#8243; link=&#8221;url:mailto%3Atotte.rautiainen%40gmail.com&#8221;]totte.rautiainen@gmail.com[\/vc_button][\/vc_column_inner][vc_column_inner column_width_percent=&#8221;100&#8243; position_vertical=&#8221;middle&#8221; align_horizontal=&#8221;align_right&#8221; gutter_size=&#8221;3&#8243; style=&#8221;light&#8221; overlay_alpha=&#8221;50&#8243; shift_x=&#8221;0&#8243; shift_y=&#8221;0&#8243; shift_y_down=&#8221;0&#8243; z_index=&#8221;0&#8243; medium_width=&#8221;4&#8243; align_mobile=&#8221;align_center_mobile&#8221; mobile_width=&#8221;0&#8243; width=&#8221;6\/12&#8243; uncode_shortcode_id=&#8221;130629&#8243;][vc_custom_heading heading_semantic=&#8221;p&#8221; text_font=&#8221;font-144306&#8243; text_weight=&#8221;400&#8243; text_height=&#8221;fontheight-357766&#8243; text_italic=&#8221;yes&#8221; uncode_shortcode_id=&#8221;224860&#8243;]+358 503 792 179 \/ VAT: FI22433894[\/vc_custom_heading][\/vc_column_inner][vc_column_inner column_width_percent=&#8221;100&#8243; position_vertical=&#8221;middle&#8221; align_horizontal=&#8221;align_right&#8221; gutter_size=&#8221;3&#8243; style=&#8221;light&#8221; overlay_alpha=&#8221;50&#8243; shift_x=&#8221;0&#8243; shift_y=&#8221;0&#8243; shift_y_down=&#8221;0&#8243; z_index=&#8221;0&#8243; medium_width=&#8221;4&#8243; align_mobile=&#8221;align_center_mobile&#8221; mobile_width=&#8221;0&#8243; width=&#8221;3\/12&#8243; uncode_shortcode_id=&#8221;684738&#8243;][vc_button size=&#8221;link&#8221; btn_link_size=&#8221;h2&#8243; btn_link_underline=&#8221;btn-underline-in&#8221; custom_typo=&#8221;yes&#8221; font_family=&#8221;font-144306&#8243; font_weight=&#8221;400&#8243; italic=&#8221;yes&#8221; uncode_shortcode_id=&#8221;147661&#8243; link=&#8221;url:https%3A%2F%2Fwww.instagram.com%2Ftottemastering|target:_blank&#8221;]Instagram[\/vc_button][\/vc_column_inner][\/vc_row_inner][vc_empty_space empty_h=&#8221;3&#8243; desktop_visibility=&#8221;yes&#8221;][vc_custom_heading heading_semantic=&#8221;h6&#8243; text_font=&#8221;font-144306&#8243; text_size=&#8221;bigtext&#8221; text_weight=&#8221;500&#8243; text_height=&#8221;fontheight-161249&#8243; text_italic=&#8221;yes&#8221; uncode_shortcode_id=&#8221;974567&#8243;]Ota yhteytt\u00e4[\/vc_custom_heading][vc_empty_space empty_h=&#8221;2&#8243;][\/vc_column][\/vc_row][\/vc_section]<\/p>\n<\/div>","protected":false},"excerpt":{"rendered":"<p>[vc_row unlock_row_content=&#8221;yes&#8221; row_height_percent=&#8221;100&#8243; override_padding=&#8221;yes&#8221; h_padding=&#8221;3&#8243; top_padding=&#8221;2&#8243; bottom_padding=&#8221;0&#8243; overlay_alpha=&#8221;50&#8243; gutter_size=&#8221;3&#8243; column_width_percent=&#8221;100&#8243; shift_y=&#8221;0&#8243; z_index=&#8221;0&#8243; bottom_divider=&#8221;step&#8221; content_parallax=&#8221;0&#8243; animation_bottom_space=&#8221;0&#8243; uncode_shortcode_id=&#8221;203345&#8243;][vc_column column_width_percent=&#8221;100&#8243; position_vertical=&#8221;middle&#8221; align_horizontal=&#8221;align_center&#8221; gutter_size=&#8221;6&#8243; [&hellip;]<\/p>\n","protected":false},"author":1,"featured_media":113233,"parent":0,"menu_order":0,"comment_status":"closed","ping_status":"closed","template":"","meta":{"footnotes":""},"class_list":["post-166427","page","type-page","status-publish","has-post-thumbnail","hentry"],"_links":{"self":[{"href":"https:\/\/dirtywebsite.fi\/totte\/wp-json\/wp\/v2\/pages\/166427","targetHints":{"allow":["GET"]}}],"collection":[{"href":"https:\/\/dirtywebsite.fi\/totte\/wp-json\/wp\/v2\/pages"}],"about":[{"href":"https:\/\/dirtywebsite.fi\/totte\/wp-json\/wp\/v2\/types\/page"}],"author":[{"embeddable":true,"href":"https:\/\/dirtywebsite.fi\/totte\/wp-json\/wp\/v2\/users\/1"}],"replies":[{"embeddable":true,"href":"https:\/\/dirtywebsite.fi\/totte\/wp-json\/wp\/v2\/comments?post=166427"}],"version-history":[{"count":12,"href":"https:\/\/dirtywebsite.fi\/totte\/wp-json\/wp\/v2\/pages\/166427\/revisions"}],"predecessor-version":[{"id":166530,"href":"https:\/\/dirtywebsite.fi\/totte\/wp-json\/wp\/v2\/pages\/166427\/revisions\/166530"}],"wp:featuredmedia":[{"embeddable":true,"href":"https:\/\/dirtywebsite.fi\/totte\/wp-json\/wp\/v2\/media\/113233"}],"wp:attachment":[{"href":"https:\/\/dirtywebsite.fi\/totte\/wp-json\/wp\/v2\/media?parent=166427"}],"curies":[{"name":"wp","href":"https:\/\/api.w.org\/{rel}","templated":true}]}}