{"id":156087,"date":"2025-05-13T14:54:12","date_gmt":"2025-05-13T11:54:12","guid":{"rendered":"https:\/\/dirtywebsite.fi\/satomestarit\/?post_type=product&#038;p=156087"},"modified":"2025-05-13T14:54:42","modified_gmt":"2025-05-13T11:54:42","slug":"korvasieni","status":"publish","type":"product","link":"https:\/\/dirtywebsite.fi\/satomestarit\/tuote\/korvasieni","title":{"rendered":"Korvasieni"},"content":{"rendered":"<p>T\u00e4ydellinen valinta kermaisiin kastikkeisiin, riistaruokien seuraksi tai kev\u00e4isen risoton kruunuksi. Kun valmistat oikein, saat ainutlaatuisen makuel\u00e4myksen.<\/p>\n","protected":false},"excerpt":{"rendered":"<p>T\u00e4ydellinen valinta kermaisiin kastikkeisiin, riistaruokien seuraksi tai kev\u00e4isen risoton kruunuksi. Kun valmistat oikein, saat ainutlaatuisen makuel\u00e4myksen.<\/p>\n","protected":false},"featured_media":156078,"comment_status":"open","ping_status":"closed","template":"","meta":[],"product_brand":[],"product_cat":[26],"product_tag":[],"class_list":{"0":"post-156087","1":"product","2":"type-product","3":"status-publish","4":"has-post-thumbnail","6":"product_cat-sienet","8":"first","9":"instock","10":"shipping-taxable","11":"product-type-simple"},"_links":{"self":[{"href":"https:\/\/dirtywebsite.fi\/satomestarit\/wp-json\/wp\/v2\/product\/156087","targetHints":{"allow":["GET"]}}],"collection":[{"href":"https:\/\/dirtywebsite.fi\/satomestarit\/wp-json\/wp\/v2\/product"}],"about":[{"href":"https:\/\/dirtywebsite.fi\/satomestarit\/wp-json\/wp\/v2\/types\/product"}],"replies":[{"embeddable":true,"href":"https:\/\/dirtywebsite.fi\/satomestarit\/wp-json\/wp\/v2\/comments?post=156087"}],"wp:featuredmedia":[{"embeddable":true,"href":"https:\/\/dirtywebsite.fi\/satomestarit\/wp-json\/wp\/v2\/media\/156078"}],"wp:attachment":[{"href":"https:\/\/dirtywebsite.fi\/satomestarit\/wp-json\/wp\/v2\/media?parent=156087"}],"wp:term":[{"taxonomy":"product_brand","embeddable":true,"href":"https:\/\/dirtywebsite.fi\/satomestarit\/wp-json\/wp\/v2\/product_brand?post=156087"},{"taxonomy":"product_cat","embeddable":true,"href":"https:\/\/dirtywebsite.fi\/satomestarit\/wp-json\/wp\/v2\/product_cat?post=156087"},{"taxonomy":"product_tag","embeddable":true,"href":"https:\/\/dirtywebsite.fi\/satomestarit\/wp-json\/wp\/v2\/product_tag?post=156087"}],"curies":[{"name":"wp","href":"https:\/\/api.w.org\/{rel}","templated":true}]}}