{"id":156086,"date":"2025-05-13T14:52:52","date_gmt":"2025-05-13T11:52:52","guid":{"rendered":"https:\/\/dirtywebsite.fi\/satomestarit\/?post_type=product&#038;p=156086"},"modified":"2025-05-13T14:53:06","modified_gmt":"2025-05-13T11:53:06","slug":"herkkutatti","status":"publish","type":"product","link":"https:\/\/dirtywebsite.fi\/satomestarit\/tuote\/herkkutatti","title":{"rendered":"Herkkutatti"},"content":{"rendered":"<p>Herkkutatti on metsien aatelia. Kiinte\u00e4 ja p\u00e4hkin\u00e4inen tatti tuo ruokaan t\u00e4ytel\u00e4isyytt\u00e4 ja syvyytt\u00e4. T\u00e4m\u00e4 herkku ei kaipaa kaverikseen kuin nokareen voita ja ripauksen suolaa. Paistettuna, kuivattuna tai vaikka grilliss\u00e4 \u2013 herkkutatti on aina juhlava valinta.<\/p>\n","protected":false},"excerpt":{"rendered":"<p>Herkkutatti on metsien aatelia. Kiinte\u00e4 ja p\u00e4hkin\u00e4inen tatti tuo ruokaan t\u00e4ytel\u00e4isyytt\u00e4 ja syvyytt\u00e4. T\u00e4m\u00e4 herkku ei kaipaa kaverikseen kuin nokareen [&hellip;]<\/p>\n","protected":false},"featured_media":156079,"comment_status":"open","ping_status":"closed","template":"","meta":[],"product_brand":[],"product_cat":[26],"product_tag":[],"class_list":{"0":"post-156086","1":"product","2":"type-product","3":"status-publish","4":"has-post-thumbnail","6":"product_cat-sienet","8":"first","9":"instock","10":"shipping-taxable","11":"product-type-simple"},"_links":{"self":[{"href":"https:\/\/dirtywebsite.fi\/satomestarit\/wp-json\/wp\/v2\/product\/156086","targetHints":{"allow":["GET"]}}],"collection":[{"href":"https:\/\/dirtywebsite.fi\/satomestarit\/wp-json\/wp\/v2\/product"}],"about":[{"href":"https:\/\/dirtywebsite.fi\/satomestarit\/wp-json\/wp\/v2\/types\/product"}],"replies":[{"embeddable":true,"href":"https:\/\/dirtywebsite.fi\/satomestarit\/wp-json\/wp\/v2\/comments?post=156086"}],"wp:featuredmedia":[{"embeddable":true,"href":"https:\/\/dirtywebsite.fi\/satomestarit\/wp-json\/wp\/v2\/media\/156079"}],"wp:attachment":[{"href":"https:\/\/dirtywebsite.fi\/satomestarit\/wp-json\/wp\/v2\/media?parent=156086"}],"wp:term":[{"taxonomy":"product_brand","embeddable":true,"href":"https:\/\/dirtywebsite.fi\/satomestarit\/wp-json\/wp\/v2\/product_brand?post=156086"},{"taxonomy":"product_cat","embeddable":true,"href":"https:\/\/dirtywebsite.fi\/satomestarit\/wp-json\/wp\/v2\/product_cat?post=156086"},{"taxonomy":"product_tag","embeddable":true,"href":"https:\/\/dirtywebsite.fi\/satomestarit\/wp-json\/wp\/v2\/product_tag?post=156086"}],"curies":[{"name":"wp","href":"https:\/\/api.w.org\/{rel}","templated":true}]}}