{"id":156085,"date":"2025-05-13T14:52:15","date_gmt":"2025-05-13T11:52:15","guid":{"rendered":"https:\/\/dirtywebsite.fi\/satomestarit\/?post_type=product&#038;p=156085"},"modified":"2025-05-13T14:52:36","modified_gmt":"2025-05-13T11:52:36","slug":"mustatorvisieni","status":"publish","type":"product","link":"https:\/\/dirtywebsite.fi\/satomestarit\/tuote\/mustatorvisieni","title":{"rendered":"Mustatorvisieni"},"content":{"rendered":"<p>Mustatorvisieni on mets\u00e4n oma tryffeli \u2013 aromaattinen, intensiivinen ja rakastettu. Tumma ulkomuoto ei kerro kaikkea, sill\u00e4 maku on yll\u00e4tt\u00e4v\u00e4n hienostunut. Kuivattuna maku vain syvenee. Kokeile risotossa, pastassa tai kastikkeissa \u2013 ja valmistaudu vaikuttumaan.<\/p>\n","protected":false},"excerpt":{"rendered":"<p>Mustatorvisieni on mets\u00e4n oma tryffeli \u2013 aromaattinen, intensiivinen ja rakastettu. Tumma ulkomuoto ei kerro kaikkea, sill\u00e4 maku on yll\u00e4tt\u00e4v\u00e4n hienostunut. [&hellip;]<\/p>\n","protected":false},"featured_media":156080,"comment_status":"open","ping_status":"closed","template":"","meta":[],"product_brand":[],"product_cat":[26],"product_tag":[],"class_list":{"0":"post-156085","1":"product","2":"type-product","3":"status-publish","4":"has-post-thumbnail","6":"product_cat-sienet","8":"first","9":"instock","10":"shipping-taxable","11":"product-type-simple"},"_links":{"self":[{"href":"https:\/\/dirtywebsite.fi\/satomestarit\/wp-json\/wp\/v2\/product\/156085","targetHints":{"allow":["GET"]}}],"collection":[{"href":"https:\/\/dirtywebsite.fi\/satomestarit\/wp-json\/wp\/v2\/product"}],"about":[{"href":"https:\/\/dirtywebsite.fi\/satomestarit\/wp-json\/wp\/v2\/types\/product"}],"replies":[{"embeddable":true,"href":"https:\/\/dirtywebsite.fi\/satomestarit\/wp-json\/wp\/v2\/comments?post=156085"}],"wp:featuredmedia":[{"embeddable":true,"href":"https:\/\/dirtywebsite.fi\/satomestarit\/wp-json\/wp\/v2\/media\/156080"}],"wp:attachment":[{"href":"https:\/\/dirtywebsite.fi\/satomestarit\/wp-json\/wp\/v2\/media?parent=156085"}],"wp:term":[{"taxonomy":"product_brand","embeddable":true,"href":"https:\/\/dirtywebsite.fi\/satomestarit\/wp-json\/wp\/v2\/product_brand?post=156085"},{"taxonomy":"product_cat","embeddable":true,"href":"https:\/\/dirtywebsite.fi\/satomestarit\/wp-json\/wp\/v2\/product_cat?post=156085"},{"taxonomy":"product_tag","embeddable":true,"href":"https:\/\/dirtywebsite.fi\/satomestarit\/wp-json\/wp\/v2\/product_tag?post=156085"}],"curies":[{"name":"wp","href":"https:\/\/api.w.org\/{rel}","templated":true}]}}