{"id":156083,"date":"2025-05-13T14:50:18","date_gmt":"2025-05-13T11:50:18","guid":{"rendered":"https:\/\/dirtywebsite.fi\/satomestarit\/?post_type=product&#038;p=156083"},"modified":"2025-05-13T14:51:20","modified_gmt":"2025-05-13T11:51:20","slug":"luomu-siitake","status":"publish","type":"product","link":"https:\/\/dirtywebsite.fi\/satomestarit\/tuote\/luomu-siitake","title":{"rendered":"Luomu siitake"},"content":{"rendered":"<p>Lihaisasta ja intensiivisen umamisesta siitakesta saa helposti nostetta arjen aterioihin. Siitake sopii loistavasti wokkeihin, keittoihin tai vaikka grillattuna lisukkeeksi. Lis\u00e4\u00e4 pannulle v\u00e4h\u00e4n valkosipulia ja soijaa \u2013 ja makumatka on valmis!<\/p>\n","protected":false},"excerpt":{"rendered":"<p>Lihaisasta ja intensiivisen umamisesta siitakesta saa helposti nostetta arjen aterioihin. Siitake sopii loistavasti wokkeihin, keittoihin tai vaikka grillattuna lisukkeeksi. Lis\u00e4\u00e4 [&hellip;]<\/p>\n","protected":false},"featured_media":156082,"comment_status":"open","ping_status":"closed","template":"","meta":[],"product_brand":[],"product_cat":[26],"product_tag":[],"class_list":{"0":"post-156083","1":"product","2":"type-product","3":"status-publish","4":"has-post-thumbnail","6":"product_cat-sienet","8":"first","9":"instock","10":"shipping-taxable","11":"product-type-simple"},"_links":{"self":[{"href":"https:\/\/dirtywebsite.fi\/satomestarit\/wp-json\/wp\/v2\/product\/156083","targetHints":{"allow":["GET"]}}],"collection":[{"href":"https:\/\/dirtywebsite.fi\/satomestarit\/wp-json\/wp\/v2\/product"}],"about":[{"href":"https:\/\/dirtywebsite.fi\/satomestarit\/wp-json\/wp\/v2\/types\/product"}],"replies":[{"embeddable":true,"href":"https:\/\/dirtywebsite.fi\/satomestarit\/wp-json\/wp\/v2\/comments?post=156083"}],"wp:featuredmedia":[{"embeddable":true,"href":"https:\/\/dirtywebsite.fi\/satomestarit\/wp-json\/wp\/v2\/media\/156082"}],"wp:attachment":[{"href":"https:\/\/dirtywebsite.fi\/satomestarit\/wp-json\/wp\/v2\/media?parent=156083"}],"wp:term":[{"taxonomy":"product_brand","embeddable":true,"href":"https:\/\/dirtywebsite.fi\/satomestarit\/wp-json\/wp\/v2\/product_brand?post=156083"},{"taxonomy":"product_cat","embeddable":true,"href":"https:\/\/dirtywebsite.fi\/satomestarit\/wp-json\/wp\/v2\/product_cat?post=156083"},{"taxonomy":"product_tag","embeddable":true,"href":"https:\/\/dirtywebsite.fi\/satomestarit\/wp-json\/wp\/v2\/product_tag?post=156083"}],"curies":[{"name":"wp","href":"https:\/\/api.w.org\/{rel}","templated":true}]}}