{"id":156071,"date":"2025-04-25T14:54:34","date_gmt":"2025-04-25T11:54:34","guid":{"rendered":"https:\/\/dirtywebsite.fi\/satomestarit\/?post_type=product&#038;p=156071"},"modified":"2025-05-08T09:50:07","modified_gmt":"2025-05-08T06:50:07","slug":"purjohapankaali","status":"publish","type":"product","link":"https:\/\/dirtywebsite.fi\/satomestarit\/tuote\/purjohapankaali","title":{"rendered":"Purjohapankaali"},"content":{"rendered":"<p>Hapankaalin pehme\u00e4 maku kohtaa purjon hienostuneen aromin. Yksinkertainen, mutta oivaltava yhdistelm\u00e4. Fermentointi tuo esiin raaka-aineiden parhaat puolet ilman kikkailua. Toimii hyvin lisukkeena, leiv\u00e4n p\u00e4\u00e4ll\u00e4 tai vaikka suoraan purkista.<\/p>\n<p><strong>Pakkaus: 400g &amp; 900g<\/strong><\/p>\n","protected":false},"excerpt":{"rendered":"<p>Hapankaalin pehme\u00e4 maku kohtaa purjon hienostuneen aromin. Yksinkertainen, mutta oivaltava yhdistelm\u00e4. Fermentointi tuo esiin raaka-aineiden parhaat puolet ilman kikkailua. Toimii [&hellip;]<\/p>\n","protected":false},"featured_media":156068,"comment_status":"open","ping_status":"closed","template":"","meta":[],"product_brand":[],"product_cat":[24],"product_tag":[],"class_list":{"0":"post-156071","1":"product","2":"type-product","3":"status-publish","4":"has-post-thumbnail","6":"product_cat-hapantuotteet","8":"first","9":"instock","10":"shipping-taxable","11":"product-type-simple"},"_links":{"self":[{"href":"https:\/\/dirtywebsite.fi\/satomestarit\/wp-json\/wp\/v2\/product\/156071","targetHints":{"allow":["GET"]}}],"collection":[{"href":"https:\/\/dirtywebsite.fi\/satomestarit\/wp-json\/wp\/v2\/product"}],"about":[{"href":"https:\/\/dirtywebsite.fi\/satomestarit\/wp-json\/wp\/v2\/types\/product"}],"replies":[{"embeddable":true,"href":"https:\/\/dirtywebsite.fi\/satomestarit\/wp-json\/wp\/v2\/comments?post=156071"}],"wp:featuredmedia":[{"embeddable":true,"href":"https:\/\/dirtywebsite.fi\/satomestarit\/wp-json\/wp\/v2\/media\/156068"}],"wp:attachment":[{"href":"https:\/\/dirtywebsite.fi\/satomestarit\/wp-json\/wp\/v2\/media?parent=156071"}],"wp:term":[{"taxonomy":"product_brand","embeddable":true,"href":"https:\/\/dirtywebsite.fi\/satomestarit\/wp-json\/wp\/v2\/product_brand?post=156071"},{"taxonomy":"product_cat","embeddable":true,"href":"https:\/\/dirtywebsite.fi\/satomestarit\/wp-json\/wp\/v2\/product_cat?post=156071"},{"taxonomy":"product_tag","embeddable":true,"href":"https:\/\/dirtywebsite.fi\/satomestarit\/wp-json\/wp\/v2\/product_tag?post=156071"}],"curies":[{"name":"wp","href":"https:\/\/api.w.org\/{rel}","templated":true}]}}