{"id":156070,"date":"2025-04-25T14:53:35","date_gmt":"2025-04-25T11:53:35","guid":{"rendered":"https:\/\/dirtywebsite.fi\/satomestarit\/?post_type=product&#038;p=156070"},"modified":"2025-04-25T14:54:10","modified_gmt":"2025-04-25T11:54:10","slug":"inkivaarihapankaali","status":"publish","type":"product","link":"https:\/\/dirtywebsite.fi\/satomestarit\/tuote\/inkivaarihapankaali","title":{"rendered":"Inkiv\u00e4\u00e4rihapankaali"},"content":{"rendered":"<p>Raikas, mausteinen ja tasapainoinen. Kaalin rinnalla maistuu inkiv\u00e4\u00e4rin kevyt l\u00e4mp\u00f6 ja pirte\u00e4 potku. Luonnollisesti fermentoitu \u2013 ei mit\u00e4\u00e4n ylim\u00e4\u00e4r\u00e4ist\u00e4. Toimii erityisesti aasialaisissa annoksissa, mutta yll\u00e4tt\u00e4\u00e4 my\u00f6s perinteisten makujen seurassa. Uutta makua hapankaaliperinteeseen.<\/p>\n<p><strong>Pakkaus: 400g &amp; 900g<\/strong><\/p>\n","protected":false},"excerpt":{"rendered":"<p>Raikas, mausteinen ja tasapainoinen. Kaalin rinnalla maistuu inkiv\u00e4\u00e4rin kevyt l\u00e4mp\u00f6 ja pirte\u00e4 potku. Luonnollisesti fermentoitu \u2013 ei mit\u00e4\u00e4n ylim\u00e4\u00e4r\u00e4ist\u00e4. Toimii [&hellip;]<\/p>\n","protected":false},"featured_media":156045,"comment_status":"open","ping_status":"closed","template":"","meta":[],"product_brand":[],"product_cat":[24],"product_tag":[],"class_list":{"0":"post-156070","1":"product","2":"type-product","3":"status-publish","4":"has-post-thumbnail","6":"product_cat-hapantuotteet","8":"first","9":"instock","10":"shipping-taxable","11":"product-type-simple"},"_links":{"self":[{"href":"https:\/\/dirtywebsite.fi\/satomestarit\/wp-json\/wp\/v2\/product\/156070","targetHints":{"allow":["GET"]}}],"collection":[{"href":"https:\/\/dirtywebsite.fi\/satomestarit\/wp-json\/wp\/v2\/product"}],"about":[{"href":"https:\/\/dirtywebsite.fi\/satomestarit\/wp-json\/wp\/v2\/types\/product"}],"replies":[{"embeddable":true,"href":"https:\/\/dirtywebsite.fi\/satomestarit\/wp-json\/wp\/v2\/comments?post=156070"}],"wp:featuredmedia":[{"embeddable":true,"href":"https:\/\/dirtywebsite.fi\/satomestarit\/wp-json\/wp\/v2\/media\/156045"}],"wp:attachment":[{"href":"https:\/\/dirtywebsite.fi\/satomestarit\/wp-json\/wp\/v2\/media?parent=156070"}],"wp:term":[{"taxonomy":"product_brand","embeddable":true,"href":"https:\/\/dirtywebsite.fi\/satomestarit\/wp-json\/wp\/v2\/product_brand?post=156070"},{"taxonomy":"product_cat","embeddable":true,"href":"https:\/\/dirtywebsite.fi\/satomestarit\/wp-json\/wp\/v2\/product_cat?post=156070"},{"taxonomy":"product_tag","embeddable":true,"href":"https:\/\/dirtywebsite.fi\/satomestarit\/wp-json\/wp\/v2\/product_tag?post=156070"}],"curies":[{"name":"wp","href":"https:\/\/api.w.org\/{rel}","templated":true}]}}