{"id":156066,"date":"2025-04-25T13:39:03","date_gmt":"2025-04-25T10:39:03","guid":{"rendered":"https:\/\/dirtywebsite.fi\/satomestarit\/?post_type=product&#038;p=156066"},"modified":"2025-04-25T13:40:18","modified_gmt":"2025-04-25T10:40:18","slug":"yrttihapankaali-luomu","status":"publish","type":"product","link":"https:\/\/dirtywebsite.fi\/satomestarit\/tuote\/yrttihapankaali-luomu","title":{"rendered":"Yrttihapankaali (Luomu)"},"content":{"rendered":"<p><span class=\"relative -mx-px my-[-0.2rem] rounded px-px py-[0.2rem] transition-colors duration-100 ease-in-out\">Perinteinen hapankaali saa uuden vivahteen valikoiduista yrteist\u00e4.<\/span> <span class=\"relative -mx-px my-[-0.2rem] rounded px-px py-[0.2rem] transition-colors duration-100 ease-in-out\">K\u00e4sin valmistettu luomukaalista, joka on fermentoitu luonnollisesti ilman lis\u00e4aineita.<\/span> <span class=\"relative -mx-px my-[-0.2rem] rounded px-px py-[0.2rem] transition-colors duration-100 ease-in-out\">Yrttien hienovarainen maku tuo hapankaaliin raikkautta ja syvyytt\u00e4.<\/span> <span class=\"relative -mx-px my-[-0.2rem] rounded px-px py-[0.2rem] transition-colors duration-100 ease-in-out\">T\u00e4ydellinen lisuke tai suoraan lautaselle sellaisenaan.<\/span>\u200b<\/p>\n<p><strong>Pakkaus: 400g &amp; 900g<\/strong><\/p>\n","protected":false},"excerpt":{"rendered":"<p>Perinteinen hapankaali saa uuden vivahteen valikoiduista yrteist\u00e4. K\u00e4sin valmistettu luomukaalista, joka on fermentoitu luonnollisesti ilman lis\u00e4aineita. Yrttien hienovarainen maku tuo [&hellip;]<\/p>\n","protected":false},"featured_media":156045,"comment_status":"open","ping_status":"closed","template":"","meta":[],"product_brand":[],"product_cat":[24],"product_tag":[],"class_list":{"0":"post-156066","1":"product","2":"type-product","3":"status-publish","4":"has-post-thumbnail","6":"product_cat-hapantuotteet","8":"first","9":"instock","10":"shipping-taxable","11":"product-type-simple"},"_links":{"self":[{"href":"https:\/\/dirtywebsite.fi\/satomestarit\/wp-json\/wp\/v2\/product\/156066","targetHints":{"allow":["GET"]}}],"collection":[{"href":"https:\/\/dirtywebsite.fi\/satomestarit\/wp-json\/wp\/v2\/product"}],"about":[{"href":"https:\/\/dirtywebsite.fi\/satomestarit\/wp-json\/wp\/v2\/types\/product"}],"replies":[{"embeddable":true,"href":"https:\/\/dirtywebsite.fi\/satomestarit\/wp-json\/wp\/v2\/comments?post=156066"}],"wp:featuredmedia":[{"embeddable":true,"href":"https:\/\/dirtywebsite.fi\/satomestarit\/wp-json\/wp\/v2\/media\/156045"}],"wp:attachment":[{"href":"https:\/\/dirtywebsite.fi\/satomestarit\/wp-json\/wp\/v2\/media?parent=156066"}],"wp:term":[{"taxonomy":"product_brand","embeddable":true,"href":"https:\/\/dirtywebsite.fi\/satomestarit\/wp-json\/wp\/v2\/product_brand?post=156066"},{"taxonomy":"product_cat","embeddable":true,"href":"https:\/\/dirtywebsite.fi\/satomestarit\/wp-json\/wp\/v2\/product_cat?post=156066"},{"taxonomy":"product_tag","embeddable":true,"href":"https:\/\/dirtywebsite.fi\/satomestarit\/wp-json\/wp\/v2\/product_tag?post=156066"}],"curies":[{"name":"wp","href":"https:\/\/api.w.org\/{rel}","templated":true}]}}