{"id":156054,"date":"2025-04-25T13:12:45","date_gmt":"2025-04-25T10:12:45","guid":{"rendered":"https:\/\/dirtywebsite.fi\/satomestarit\/?post_type=product&#038;p=156054"},"modified":"2025-04-25T13:14:12","modified_gmt":"2025-04-25T10:14:12","slug":"marinoitu-sipuli","status":"publish","type":"product","link":"https:\/\/dirtywebsite.fi\/satomestarit\/tuote\/marinoitu-sipuli","title":{"rendered":"Marinoitu sipuli"},"content":{"rendered":"<p>Pehme\u00e4, makea ja juuri sopivan napakka. Marinoitu sipuli tuo ruokaan syvyytt\u00e4 ja rakennetta ilman p\u00e4\u00e4lle liimattua makua. Toimii loistavasti leiv\u00e4n p\u00e4\u00e4ll\u00e4, salaatissa tai grilliruoan kyljess\u00e4.<\/p>\n<p><strong>Pakkaus: 500g<\/strong><\/p>\n","protected":false},"excerpt":{"rendered":"<p>Pehme\u00e4, makea ja juuri sopivan napakka. Marinoitu sipuli tuo ruokaan syvyytt\u00e4 ja rakennetta ilman p\u00e4\u00e4lle liimattua makua. Toimii loistavasti leiv\u00e4n [&hellip;]<\/p>\n","protected":false},"featured_media":156055,"comment_status":"open","ping_status":"closed","template":"","meta":[],"product_brand":[],"product_cat":[29],"product_tag":[],"class_list":{"0":"post-156054","1":"product","2":"type-product","3":"status-publish","4":"has-post-thumbnail","6":"product_cat-salaatit-ja-vihannekset","8":"first","9":"instock","10":"shipping-taxable","11":"product-type-simple"},"_links":{"self":[{"href":"https:\/\/dirtywebsite.fi\/satomestarit\/wp-json\/wp\/v2\/product\/156054","targetHints":{"allow":["GET"]}}],"collection":[{"href":"https:\/\/dirtywebsite.fi\/satomestarit\/wp-json\/wp\/v2\/product"}],"about":[{"href":"https:\/\/dirtywebsite.fi\/satomestarit\/wp-json\/wp\/v2\/types\/product"}],"replies":[{"embeddable":true,"href":"https:\/\/dirtywebsite.fi\/satomestarit\/wp-json\/wp\/v2\/comments?post=156054"}],"wp:featuredmedia":[{"embeddable":true,"href":"https:\/\/dirtywebsite.fi\/satomestarit\/wp-json\/wp\/v2\/media\/156055"}],"wp:attachment":[{"href":"https:\/\/dirtywebsite.fi\/satomestarit\/wp-json\/wp\/v2\/media?parent=156054"}],"wp:term":[{"taxonomy":"product_brand","embeddable":true,"href":"https:\/\/dirtywebsite.fi\/satomestarit\/wp-json\/wp\/v2\/product_brand?post=156054"},{"taxonomy":"product_cat","embeddable":true,"href":"https:\/\/dirtywebsite.fi\/satomestarit\/wp-json\/wp\/v2\/product_cat?post=156054"},{"taxonomy":"product_tag","embeddable":true,"href":"https:\/\/dirtywebsite.fi\/satomestarit\/wp-json\/wp\/v2\/product_tag?post=156054"}],"curies":[{"name":"wp","href":"https:\/\/api.w.org\/{rel}","templated":true}]}}