{"id":156027,"date":"2025-04-03T15:15:27","date_gmt":"2025-04-03T12:15:27","guid":{"rendered":"https:\/\/dirtywebsite.fi\/satomestarit\/?post_type=product&#038;p=156027"},"modified":"2025-04-25T12:23:48","modified_gmt":"2025-04-25T09:23:48","slug":"omenainen-punakaali","status":"publish","type":"product","link":"https:\/\/dirtywebsite.fi\/satomestarit\/tuote\/omenainen-punakaali","title":{"rendered":"Omenainen punakaali"},"content":{"rendered":"<p>Etsitk\u00f6 herkullista ja ravitsevaa lisuketta aterioihisi? Satomestareiden Omenainen Punakaali on t\u00e4ydellinen valinta! T\u00e4m\u00e4 luonnollisesti fermentoitu herkku yhdist\u00e4\u00e4 punakaalin lempe\u00e4n hapokkuuden ja omenan hedelm\u00e4isen makeuden, luoden tasapainoisen ja t\u00e4ytel\u00e4isen maun. T\u00e4ynn\u00e4 probiootteja, kuitua ja vitamiineja, se tukee suoliston hyvinvointia ja tuo v\u00e4ri\u00e4 lautasellesi. Nauti sellaisenaan, lis\u00e4\u00e4 salaatteihin tai tarjoile l\u00e4mpimien ruokien rinnalla \u2013 Omenainen Punakaali tuo makua ja hyv\u00e4\u00e4 oloa jokaiseen suupalaan!<\/p>\n<p><strong>Pakkaus: 400g &amp; 900g<\/strong><\/p>\n","protected":false},"excerpt":{"rendered":"<p>Etsitk\u00f6 herkullista ja ravitsevaa lisuketta aterioihisi? Satomestareiden Omenainen Punakaali on t\u00e4ydellinen valinta! T\u00e4m\u00e4 luonnollisesti fermentoitu herkku yhdist\u00e4\u00e4 punakaalin lempe\u00e4n hapokkuuden [&hellip;]<\/p>\n","protected":false},"featured_media":156044,"comment_status":"open","ping_status":"closed","template":"","meta":[],"product_brand":[],"product_cat":[24],"product_tag":[],"class_list":{"0":"post-156027","1":"product","2":"type-product","3":"status-publish","4":"has-post-thumbnail","6":"product_cat-hapantuotteet","8":"first","9":"instock","10":"featured","11":"shipping-taxable","12":"product-type-simple"},"_links":{"self":[{"href":"https:\/\/dirtywebsite.fi\/satomestarit\/wp-json\/wp\/v2\/product\/156027","targetHints":{"allow":["GET"]}}],"collection":[{"href":"https:\/\/dirtywebsite.fi\/satomestarit\/wp-json\/wp\/v2\/product"}],"about":[{"href":"https:\/\/dirtywebsite.fi\/satomestarit\/wp-json\/wp\/v2\/types\/product"}],"replies":[{"embeddable":true,"href":"https:\/\/dirtywebsite.fi\/satomestarit\/wp-json\/wp\/v2\/comments?post=156027"}],"wp:featuredmedia":[{"embeddable":true,"href":"https:\/\/dirtywebsite.fi\/satomestarit\/wp-json\/wp\/v2\/media\/156044"}],"wp:attachment":[{"href":"https:\/\/dirtywebsite.fi\/satomestarit\/wp-json\/wp\/v2\/media?parent=156027"}],"wp:term":[{"taxonomy":"product_brand","embeddable":true,"href":"https:\/\/dirtywebsite.fi\/satomestarit\/wp-json\/wp\/v2\/product_brand?post=156027"},{"taxonomy":"product_cat","embeddable":true,"href":"https:\/\/dirtywebsite.fi\/satomestarit\/wp-json\/wp\/v2\/product_cat?post=156027"},{"taxonomy":"product_tag","embeddable":true,"href":"https:\/\/dirtywebsite.fi\/satomestarit\/wp-json\/wp\/v2\/product_tag?post=156027"}],"curies":[{"name":"wp","href":"https:\/\/api.w.org\/{rel}","templated":true}]}}