{"id":113251,"date":"2025-03-24T10:52:35","date_gmt":"2025-03-24T10:52:35","guid":{"rendered":"https:\/\/dirtywebsite.fi\/satomestarit\/?post_type=product&#038;p=113251"},"modified":"2025-04-25T12:33:25","modified_gmt":"2025-04-25T09:33:25","slug":"kasinkuoritut-puikulaperunat","status":"publish","type":"product","link":"https:\/\/dirtywebsite.fi\/satomestarit\/tuote\/kasinkuoritut-puikulaperunat","title":{"rendered":"K\u00e4sinkuoritut puikulaperunat"},"content":{"rendered":"<p>Tarjoamme Etel\u00e4-Suomen ainoat k\u00e4sinkuoritut puikulaperunat, jotka ovat t\u00e4ynn\u00e4 ainutlaatuista makua ja tekstuuria. N\u00e4m\u00e4 perunat on kuorittu huolellisesti k\u00e4sin, mik\u00e4 takaa niiden erinomaisen laadun ja maun. Puikulaperunat ovat t\u00e4ydellinen valinta niin arjen ruokap\u00f6yt\u00e4\u00e4n kuin juhla-aterioillekin, ja ne sopivat erinomaisesti keittoihin, muusiin tai vaikka paistettaviksi.<\/p>\n","protected":false},"excerpt":{"rendered":"<p>Tarjoamme Etel\u00e4-Suomen ainoat k\u00e4sinkuoritut puikulaperunat, jotka ovat t\u00e4ynn\u00e4 ainutlaatuista makua ja tekstuuria. N\u00e4m\u00e4 perunat on kuorittu huolellisesti k\u00e4sin, mik\u00e4 takaa [&hellip;]<\/p>\n","protected":false},"featured_media":156046,"comment_status":"open","ping_status":"closed","template":"","meta":[],"product_brand":[],"product_cat":[28],"product_tag":[],"class_list":{"0":"post-113251","1":"product","2":"type-product","3":"status-publish","4":"has-post-thumbnail","6":"product_cat-juurekset","8":"first","9":"instock","10":"shipping-taxable","11":"product-type-simple"},"_links":{"self":[{"href":"https:\/\/dirtywebsite.fi\/satomestarit\/wp-json\/wp\/v2\/product\/113251","targetHints":{"allow":["GET"]}}],"collection":[{"href":"https:\/\/dirtywebsite.fi\/satomestarit\/wp-json\/wp\/v2\/product"}],"about":[{"href":"https:\/\/dirtywebsite.fi\/satomestarit\/wp-json\/wp\/v2\/types\/product"}],"replies":[{"embeddable":true,"href":"https:\/\/dirtywebsite.fi\/satomestarit\/wp-json\/wp\/v2\/comments?post=113251"}],"wp:featuredmedia":[{"embeddable":true,"href":"https:\/\/dirtywebsite.fi\/satomestarit\/wp-json\/wp\/v2\/media\/156046"}],"wp:attachment":[{"href":"https:\/\/dirtywebsite.fi\/satomestarit\/wp-json\/wp\/v2\/media?parent=113251"}],"wp:term":[{"taxonomy":"product_brand","embeddable":true,"href":"https:\/\/dirtywebsite.fi\/satomestarit\/wp-json\/wp\/v2\/product_brand?post=113251"},{"taxonomy":"product_cat","embeddable":true,"href":"https:\/\/dirtywebsite.fi\/satomestarit\/wp-json\/wp\/v2\/product_cat?post=113251"},{"taxonomy":"product_tag","embeddable":true,"href":"https:\/\/dirtywebsite.fi\/satomestarit\/wp-json\/wp\/v2\/product_tag?post=113251"}],"curies":[{"name":"wp","href":"https:\/\/api.w.org\/{rel}","templated":true}]}}