{"id":113248,"date":"2025-03-24T10:48:39","date_gmt":"2025-03-24T10:48:39","guid":{"rendered":"https:\/\/dirtywebsite.fi\/satomestarit\/?post_type=product&#038;p=113248"},"modified":"2025-04-25T13:12:29","modified_gmt":"2025-04-25T10:12:29","slug":"marinoitu-punasipuli","status":"publish","type":"product","link":"https:\/\/dirtywebsite.fi\/satomestarit\/tuote\/marinoitu-punasipuli","title":{"rendered":"Marinoitu punasipuli"},"content":{"rendered":"<p>Tutustu marinoidun punasipulin herkulliseen makumaailmaan! Meilt\u00e4 l\u00f6yd\u00e4t maukasta, valmiiksi marinoitua punasipulia, joka tuo ruokiisi raikasta ja t\u00e4ytel\u00e4ist\u00e4 makua. T\u00e4m\u00e4 monik\u00e4ytt\u00f6inen lisuke sopii t\u00e4ydellisesti salaatteihin, voileiville, grilliherkuille tai mihin tahansa, miss\u00e4 kaipaat sipulin syvyytt\u00e4 ilman liiallista voimakkuutta. K\u00e4yt\u00e4mme vain parhaita raaka-aineita, joten voit nauttia t\u00e4ytel\u00e4isest\u00e4 mausta ja laadusta joka kerta!<\/p>\n<p><strong>Pakkaus: 500g &amp; 1kg<\/strong><\/p>\n","protected":false},"excerpt":{"rendered":"<p>Tutustu marinoidun punasipulin herkulliseen makumaailmaan! Meilt\u00e4 l\u00f6yd\u00e4t maukasta, valmiiksi marinoitua punasipulia, joka tuo ruokiisi raikasta ja t\u00e4ytel\u00e4ist\u00e4 makua. T\u00e4m\u00e4 monik\u00e4ytt\u00f6inen [&hellip;]<\/p>\n","protected":false},"featured_media":156053,"comment_status":"open","ping_status":"closed","template":"","meta":[],"product_brand":[],"product_cat":[29],"product_tag":[],"class_list":{"0":"post-113248","1":"product","2":"type-product","3":"status-publish","4":"has-post-thumbnail","6":"product_cat-salaatit-ja-vihannekset","8":"first","9":"instock","10":"shipping-taxable","11":"product-type-simple"},"_links":{"self":[{"href":"https:\/\/dirtywebsite.fi\/satomestarit\/wp-json\/wp\/v2\/product\/113248","targetHints":{"allow":["GET"]}}],"collection":[{"href":"https:\/\/dirtywebsite.fi\/satomestarit\/wp-json\/wp\/v2\/product"}],"about":[{"href":"https:\/\/dirtywebsite.fi\/satomestarit\/wp-json\/wp\/v2\/types\/product"}],"replies":[{"embeddable":true,"href":"https:\/\/dirtywebsite.fi\/satomestarit\/wp-json\/wp\/v2\/comments?post=113248"}],"wp:featuredmedia":[{"embeddable":true,"href":"https:\/\/dirtywebsite.fi\/satomestarit\/wp-json\/wp\/v2\/media\/156053"}],"wp:attachment":[{"href":"https:\/\/dirtywebsite.fi\/satomestarit\/wp-json\/wp\/v2\/media?parent=113248"}],"wp:term":[{"taxonomy":"product_brand","embeddable":true,"href":"https:\/\/dirtywebsite.fi\/satomestarit\/wp-json\/wp\/v2\/product_brand?post=113248"},{"taxonomy":"product_cat","embeddable":true,"href":"https:\/\/dirtywebsite.fi\/satomestarit\/wp-json\/wp\/v2\/product_cat?post=113248"},{"taxonomy":"product_tag","embeddable":true,"href":"https:\/\/dirtywebsite.fi\/satomestarit\/wp-json\/wp\/v2\/product_tag?post=113248"}],"curies":[{"name":"wp","href":"https:\/\/api.w.org\/{rel}","templated":true}]}}