{"id":113245,"date":"2025-03-24T10:41:27","date_gmt":"2025-03-24T10:41:27","guid":{"rendered":"https:\/\/dirtywebsite.fi\/satomestarit\/?post_type=product&#038;p=113245"},"modified":"2025-04-25T13:37:09","modified_gmt":"2025-04-25T10:37:09","slug":"kantarelli","status":"publish","type":"product","link":"https:\/\/dirtywebsite.fi\/satomestarit\/tuote\/kantarelli","title":{"rendered":"Kantarelli"},"content":{"rendered":"<p>Suomen metsien kultakimpale. Aromaattinen, lihaisa ja luonnostaan hienostunut \u2013 kantarelli ei kaipaa kikkailua. Ostamme sieni\u00e4 suoraan ker\u00e4ilij\u00f6ilt\u00e4!<\/p>\n","protected":false},"excerpt":{"rendered":"<p>Suomen metsien kultakimpale. Aromaattinen, lihaisa ja luonnostaan hienostunut \u2013 kantarelli ei kaipaa kikkailua. Ostamme sieni\u00e4 suoraan ker\u00e4ilij\u00f6ilt\u00e4!<\/p>\n","protected":false},"featured_media":156048,"comment_status":"open","ping_status":"closed","template":"","meta":[],"product_brand":[],"product_cat":[26],"product_tag":[],"class_list":{"0":"post-113245","1":"product","2":"type-product","3":"status-publish","4":"has-post-thumbnail","6":"product_cat-sienet","8":"first","9":"instock","10":"shipping-taxable","11":"product-type-simple"},"_links":{"self":[{"href":"https:\/\/dirtywebsite.fi\/satomestarit\/wp-json\/wp\/v2\/product\/113245","targetHints":{"allow":["GET"]}}],"collection":[{"href":"https:\/\/dirtywebsite.fi\/satomestarit\/wp-json\/wp\/v2\/product"}],"about":[{"href":"https:\/\/dirtywebsite.fi\/satomestarit\/wp-json\/wp\/v2\/types\/product"}],"replies":[{"embeddable":true,"href":"https:\/\/dirtywebsite.fi\/satomestarit\/wp-json\/wp\/v2\/comments?post=113245"}],"wp:featuredmedia":[{"embeddable":true,"href":"https:\/\/dirtywebsite.fi\/satomestarit\/wp-json\/wp\/v2\/media\/156048"}],"wp:attachment":[{"href":"https:\/\/dirtywebsite.fi\/satomestarit\/wp-json\/wp\/v2\/media?parent=113245"}],"wp:term":[{"taxonomy":"product_brand","embeddable":true,"href":"https:\/\/dirtywebsite.fi\/satomestarit\/wp-json\/wp\/v2\/product_brand?post=113245"},{"taxonomy":"product_cat","embeddable":true,"href":"https:\/\/dirtywebsite.fi\/satomestarit\/wp-json\/wp\/v2\/product_cat?post=113245"},{"taxonomy":"product_tag","embeddable":true,"href":"https:\/\/dirtywebsite.fi\/satomestarit\/wp-json\/wp\/v2\/product_tag?post=113245"}],"curies":[{"name":"wp","href":"https:\/\/api.w.org\/{rel}","templated":true}]}}