{"id":113242,"date":"2025-03-24T10:38:01","date_gmt":"2025-03-24T10:38:01","guid":{"rendered":"https:\/\/dirtywebsite.fi\/satomestarit\/?post_type=product&#038;p=113242"},"modified":"2025-04-25T12:30:55","modified_gmt":"2025-04-25T09:30:55","slug":"valkosipulihapankaali","status":"publish","type":"product","link":"https:\/\/dirtywebsite.fi\/satomestarit\/tuote\/valkosipulihapankaali","title":{"rendered":"Valkosipulihapankaali"},"content":{"rendered":"<p>Haluatko lis\u00e4t\u00e4 ruokiisi ripauksen potkua ja samalla tukea terveytt\u00e4si? Valkosipulihapankaali yhdist\u00e4\u00e4 klassisen hapankaalin raikkauden ja valkosipulin t\u00e4ytel\u00e4isen aromin. T\u00e4m\u00e4 probioottinen superruoka ei vain maistu upealta, vaan my\u00f6s tukee suolistosi hyvinvointia. K\u00e4yt\u00e4 sellaisenaan, lisukkeena tai osana lempiruokiasi \u2013 valkosipulihapankaali tuo jokaiseen suupalaan herkullista luonnetta ja ravintoa!<\/p>\n<p><strong>Pakkaus: 400g &amp; 900g<\/strong><\/p>\n","protected":false},"excerpt":{"rendered":"<p>Haluatko lis\u00e4t\u00e4 ruokiisi ripauksen potkua ja samalla tukea terveytt\u00e4si? Valkosipulihapankaali yhdist\u00e4\u00e4 klassisen hapankaalin raikkauden ja valkosipulin t\u00e4ytel\u00e4isen aromin. T\u00e4m\u00e4 probioottinen [&hellip;]<\/p>\n","protected":false},"featured_media":156045,"comment_status":"open","ping_status":"closed","template":"","meta":[],"product_brand":[],"product_cat":[24],"product_tag":[],"class_list":{"0":"post-113242","1":"product","2":"type-product","3":"status-publish","4":"has-post-thumbnail","6":"product_cat-hapantuotteet","8":"first","9":"instock","10":"shipping-taxable","11":"product-type-simple"},"_links":{"self":[{"href":"https:\/\/dirtywebsite.fi\/satomestarit\/wp-json\/wp\/v2\/product\/113242","targetHints":{"allow":["GET"]}}],"collection":[{"href":"https:\/\/dirtywebsite.fi\/satomestarit\/wp-json\/wp\/v2\/product"}],"about":[{"href":"https:\/\/dirtywebsite.fi\/satomestarit\/wp-json\/wp\/v2\/types\/product"}],"replies":[{"embeddable":true,"href":"https:\/\/dirtywebsite.fi\/satomestarit\/wp-json\/wp\/v2\/comments?post=113242"}],"wp:featuredmedia":[{"embeddable":true,"href":"https:\/\/dirtywebsite.fi\/satomestarit\/wp-json\/wp\/v2\/media\/156045"}],"wp:attachment":[{"href":"https:\/\/dirtywebsite.fi\/satomestarit\/wp-json\/wp\/v2\/media?parent=113242"}],"wp:term":[{"taxonomy":"product_brand","embeddable":true,"href":"https:\/\/dirtywebsite.fi\/satomestarit\/wp-json\/wp\/v2\/product_brand?post=113242"},{"taxonomy":"product_cat","embeddable":true,"href":"https:\/\/dirtywebsite.fi\/satomestarit\/wp-json\/wp\/v2\/product_cat?post=113242"},{"taxonomy":"product_tag","embeddable":true,"href":"https:\/\/dirtywebsite.fi\/satomestarit\/wp-json\/wp\/v2\/product_tag?post=113242"}],"curies":[{"name":"wp","href":"https:\/\/api.w.org\/{rel}","templated":true}]}}