{"id":155991,"date":"2025-04-03T12:50:09","date_gmt":"2025-04-03T09:50:09","guid":{"rendered":"https:\/\/dirtywebsite.fi\/satomestarit\/?page_id=155991"},"modified":"2025-05-13T14:39:15","modified_gmt":"2025-05-13T11:39:15","slug":"tuotteemme","status":"publish","type":"page","link":"https:\/\/dirtywebsite.fi\/satomestarit\/tuotteemme","title":{"rendered":"Tuotteemme"},"content":{"rendered":"<div class=\"wpb-content-wrapper\"><p>[vc_row unlock_row_content=&#8221;yes&#8221; row_height_percent=&#8221;62&#8243; override_padding=&#8221;yes&#8221; h_padding=&#8221;3&#8243; top_padding=&#8221;6&#8243; bottom_padding=&#8221;3&#8243; back_color=&#8221;color-258192&#8243; back_image=&#8221;154135&#8243; back_position=&#8221;center top&#8221; overlay_alpha=&#8221;50&#8243; equal_height=&#8221;yes&#8221; gutter_size=&#8221;0&#8243; column_width_percent=&#8221;100&#8243; border_color=&#8221;color-gyho&#8221; border_style=&#8221;solid&#8221; shift_y=&#8221;0&#8243; z_index=&#8221;0&#8243; bottom_divider=&#8221;mountains&#8221; content_parallax=&#8221;0&#8243; uncode_shortcode_id=&#8221;180394&#8243; border_color_type=&#8221;uncode-palette&#8221; row_name=&#8221;intro&#8221; back_color_type=&#8221;uncode-palette&#8221;][vc_column column_width_percent=&#8221;100&#8243; position_vertical=&#8221;middle&#8221; align_horizontal=&#8221;align_center&#8221; gutter_size=&#8221;4&#8243; overlay_alpha=&#8221;50&#8243; shift_x=&#8221;0&#8243; shift_y=&#8221;0&#8243; shift_y_down=&#8221;0&#8243; z_index=&#8221;0&#8243; medium_width=&#8221;4&#8243; mobile_width=&#8221;0&#8243; width=&#8221;1\/1&#8243; uncode_shortcode_id=&#8221;557501&#8243;][vc_row_inner][vc_column_inner column_width_percent=&#8221;70&#8243; align_horizontal=&#8221;align_center&#8221; gutter_size=&#8221;3&#8243; overlay_alpha=&#8221;50&#8243; shift_x=&#8221;0&#8243; shift_y=&#8221;0&#8243; shift_y_down=&#8221;0&#8243; z_index=&#8221;0&#8243; medium_width=&#8221;0&#8243; mobile_width=&#8221;0&#8243; width=&#8221;1\/1&#8243; uncode_shortcode_id=&#8221;154809&#8243;][vc_custom_heading text_color=&#8221;color-398772&#8243; heading_semantic=&#8221;h3&#8243; text_size=&#8221;fontsize-338686&#8243; sub_lead=&#8221;yes&#8221; uncode_shortcode_id=&#8221;150745&#8243; text_color_type=&#8221;uncode-palette&#8221;]Tuoreempaa saa hakea[\/vc_custom_heading][vc_column_text text_lead=&#8221;yes&#8221; text_color=&#8221;color-398772&#8243; uncode_shortcode_id=&#8221;285228&#8243; text_color_type=&#8221;uncode-palette&#8221;]Sit\u00e4 tuoreinta &#8211; kotimaisilta l\u00e4hitiloilta.<\/p>\n<p>Tutustu sadon parhaisiin antimiin ja tilaa omasi. Samalla tuet kest\u00e4v\u00e4\u00e4 l\u00e4hituotantoa.<\/p>\n<p>[\/vc_column_text][\/vc_column_inner][\/vc_row_inner][\/vc_column][\/vc_row][vc_row row_height_percent=&#8221;0&#8243; override_padding=&#8221;yes&#8221; h_padding=&#8221;2&#8243; top_padding=&#8221;2&#8243; bottom_padding=&#8221;0&#8243; back_color=&#8221;color-258192&#8243; overlay_alpha=&#8221;50&#8243; equal_height=&#8221;yes&#8221; gutter_size=&#8221;4&#8243; column_width_percent=&#8221;100&#8243; shift_y=&#8221;0&#8243; z_index=&#8221;0&#8243; content_parallax=&#8221;0&#8243; uncode_shortcode_id=&#8221;119063&#8243; back_color_type=&#8221;uncode-palette&#8221;][vc_column column_width_percent=&#8221;100&#8243; position_vertical=&#8221;middle&#8221; gutter_size=&#8221;3&#8243; override_padding=&#8221;yes&#8221; column_padding=&#8221;3&#8243; overlay_alpha=&#8221;50&#8243; preserve_border=&#8221;yes&#8221; preserve_border_tablet=&#8221;yes&#8221; shift_x=&#8221;0&#8243; shift_y=&#8221;0&#8243; shift_y_down=&#8221;0&#8243; z_index=&#8221;0&#8243; medium_width=&#8221;4&#8243; mobile_width=&#8221;0&#8243; width=&#8221;1\/2&#8243; uncode_shortcode_id=&#8221;470180&#8243;][vc_single_image media=&#8221;156010&#8243; media_width_percent=&#8221;100&#8243; uncode_shortcode_id=&#8221;395585&#8243;][\/vc_column][vc_column column_width_percent=&#8221;100&#8243; position_vertical=&#8221;middle&#8221; gutter_size=&#8221;3&#8243; overlay_alpha=&#8221;50&#8243; preserve_border=&#8221;yes&#8221; preserve_border_tablet=&#8221;yes&#8221; shift_x=&#8221;0&#8243; shift_y=&#8221;0&#8243; shift_y_down=&#8221;0&#8243; z_index=&#8221;0&#8243; medium_width=&#8221;4&#8243; mobile_width=&#8221;0&#8243; width=&#8221;1\/2&#8243; uncode_shortcode_id=&#8221;201294&#8243;][vc_custom_heading text_color=&#8221;color-398772&#8243; text_size=&#8221;fontsize-155944&#8243; uncode_shortcode_id=&#8221;127890&#8243; text_color_type=&#8221;uncode-palette&#8221;]Hapantuotteet[\/vc_custom_heading][vc_column_text uncode_shortcode_id=&#8221;434817&#8243;]Satomestareiden hapantuotteet ovat yht\u00e4 terveellisi\u00e4, kuin maukkaita! Hapankaali on paremmin sulavaa kuin tuoreet kasvikset ja sopii sellaisillekin henkil\u00f6ille, joiden ruuansulatukselle tuore kaali aiheuttaa ongelmia. Hapankaalin happamuus my\u00f6s tasapainoittaa vatsan happamuutta. Valikoimastamme l\u00f6yd\u00e4t niin perinteisi\u00e4, kuin eksoottisempiakin makuyhdistelmi\u00e4.[\/vc_column_text][vc_button button_color=&#8221;color-398772&#8243; radius=&#8221;btn-circle&#8221; hover_fx=&#8221;full-colored&#8221; border_width=&#8221;0&#8243; uncode_shortcode_id=&#8221;702194&#8243; button_color_type=&#8221;uncode-palette&#8221; link=&#8221;url:https%3A%2F%2Fdirtywebsite.fi%2Fsatomestarit%2Felintarvikkeet%2Fhapantuotteet&#8221;]Tutustu ja ihastu[\/vc_button][\/vc_column][\/vc_row][vc_row row_height_percent=&#8221;0&#8243; override_padding=&#8221;yes&#8221; h_padding=&#8221;2&#8243; top_padding=&#8221;2&#8243; bottom_padding=&#8221;0&#8243; back_color=&#8221;color-258192&#8243; overlay_alpha=&#8221;50&#8243; equal_height=&#8221;yes&#8221; gutter_size=&#8221;4&#8243; column_width_percent=&#8221;100&#8243; shift_y=&#8221;0&#8243; z_index=&#8221;0&#8243; inverted_device_order=&#8221;yes&#8221; content_parallax=&#8221;0&#8243; uncode_shortcode_id=&#8221;100685&#8243; back_color_type=&#8221;uncode-palette&#8221;][vc_column column_width_percent=&#8221;100&#8243; position_vertical=&#8221;middle&#8221; gutter_size=&#8221;3&#8243; overlay_alpha=&#8221;50&#8243; preserve_border=&#8221;yes&#8221; preserve_border_tablet=&#8221;yes&#8221; shift_x=&#8221;0&#8243; shift_y=&#8221;0&#8243; shift_y_down=&#8221;0&#8243; z_index=&#8221;0&#8243; medium_width=&#8221;4&#8243; mobile_width=&#8221;0&#8243; width=&#8221;1\/2&#8243; uncode_shortcode_id=&#8221;476184&#8243;][vc_custom_heading text_color=&#8221;color-398772&#8243; text_size=&#8221;fontsize-155944&#8243; uncode_shortcode_id=&#8221;541145&#8243; text_color_type=&#8221;uncode-palette&#8221;]Salaatit ja vihannekset[\/vc_custom_heading][vc_column_text uncode_shortcode_id=&#8221;208362&#8243;]Vihanneksissa ja salaateissa tuoreus on valttia! Toimitamme laajan valikoiman tuoreita, l\u00e4hell\u00e4 tuotettuja vihanneksia ja valmiita salaatteja aina kauden parhaista sadoista.[\/vc_column_text][vc_button button_color=&#8221;color-398772&#8243; radius=&#8221;btn-circle&#8221; hover_fx=&#8221;full-colored&#8221; border_width=&#8221;0&#8243; uncode_shortcode_id=&#8221;938657&#8243; button_color_type=&#8221;uncode-palette&#8221; link=&#8221;url:https%3A%2F%2Fdirtywebsite.fi%2Fsatomestarit%2Felintarvikkeet%2Fsalaatit-ja-vihannekset&#8221;]Tutustu ja ihastu[\/vc_button][\/vc_column][vc_column column_width_percent=&#8221;100&#8243; position_vertical=&#8221;middle&#8221; gutter_size=&#8221;3&#8243; override_padding=&#8221;yes&#8221; column_padding=&#8221;3&#8243; overlay_alpha=&#8221;50&#8243; preserve_border=&#8221;yes&#8221; preserve_border_tablet=&#8221;yes&#8221; shift_x=&#8221;0&#8243; shift_y=&#8221;0&#8243; shift_y_down=&#8221;0&#8243; z_index=&#8221;0&#8243; medium_width=&#8221;4&#8243; mobile_width=&#8221;0&#8243; width=&#8221;1\/2&#8243; uncode_shortcode_id=&#8221;114012&#8243;][vc_single_image media=&#8221;156005&#8243; media_width_percent=&#8221;100&#8243; uncode_shortcode_id=&#8221;163152&#8243;][\/vc_column][\/vc_row][vc_row row_height_percent=&#8221;0&#8243; override_padding=&#8221;yes&#8221; h_padding=&#8221;2&#8243; top_padding=&#8221;2&#8243; bottom_padding=&#8221;0&#8243; back_color=&#8221;color-258192&#8243; overlay_alpha=&#8221;50&#8243; equal_height=&#8221;yes&#8221; gutter_size=&#8221;4&#8243; column_width_percent=&#8221;100&#8243; shift_y=&#8221;0&#8243; z_index=&#8221;0&#8243; content_parallax=&#8221;0&#8243; uncode_shortcode_id=&#8221;132290&#8243; back_color_type=&#8221;uncode-palette&#8221;][vc_column column_width_percent=&#8221;100&#8243; position_vertical=&#8221;middle&#8221; gutter_size=&#8221;3&#8243; override_padding=&#8221;yes&#8221; column_padding=&#8221;3&#8243; overlay_alpha=&#8221;50&#8243; preserve_border=&#8221;yes&#8221; preserve_border_tablet=&#8221;yes&#8221; shift_x=&#8221;0&#8243; shift_y=&#8221;0&#8243; shift_y_down=&#8221;0&#8243; z_index=&#8221;0&#8243; medium_width=&#8221;4&#8243; mobile_width=&#8221;0&#8243; width=&#8221;1\/2&#8243; uncode_shortcode_id=&#8221;261958&#8243;][vc_single_image media=&#8221;156076&#8243; media_width_percent=&#8221;100&#8243; uncode_shortcode_id=&#8221;173244&#8243;][\/vc_column][vc_column column_width_percent=&#8221;100&#8243; position_vertical=&#8221;middle&#8221; gutter_size=&#8221;3&#8243; overlay_alpha=&#8221;50&#8243; preserve_border=&#8221;yes&#8221; preserve_border_tablet=&#8221;yes&#8221; shift_x=&#8221;0&#8243; shift_y=&#8221;0&#8243; shift_y_down=&#8221;0&#8243; z_index=&#8221;0&#8243; medium_width=&#8221;4&#8243; mobile_width=&#8221;0&#8243; width=&#8221;1\/2&#8243; uncode_shortcode_id=&#8221;180517&#8243;][vc_custom_heading text_color=&#8221;color-398772&#8243; text_size=&#8221;fontsize-155944&#8243; uncode_shortcode_id=&#8221;161604&#8243; text_color_type=&#8221;uncode-palette&#8221;]Mehut[\/vc_custom_heading][vc_column_text uncode_shortcode_id=&#8221;460583&#8243;]Vihanneksista ja marjoista fermentoimalla tehty Masujuoma on kehitetty tukemaan vatsan ja suoliston hyvinvointia. Masujuoma on valmistettu Suomessa suosien kotimaisia raaka-aineita. T\u00e4ysin lis\u00e4aineeton Masujuoma sopii niin paasto-, ruoka- kuin janojuomaksikin \u2013 ja on todellinen superdrink.[\/vc_column_text][vc_button button_color=&#8221;color-398772&#8243; radius=&#8221;btn-circle&#8221; hover_fx=&#8221;full-colored&#8221; border_width=&#8221;0&#8243; uncode_shortcode_id=&#8221;180783&#8243; button_color_type=&#8221;uncode-palette&#8221; link=&#8221;url:https%3A%2F%2Fdirtywebsite.fi%2Fsatomestarit%2Felintarvikkeet%2Fmehut|title:Mehut&#8221;]Tutustu ja ihastu[\/vc_button][\/vc_column][\/vc_row][vc_row row_height_percent=&#8221;0&#8243; override_padding=&#8221;yes&#8221; h_padding=&#8221;2&#8243; top_padding=&#8221;2&#8243; bottom_padding=&#8221;0&#8243; back_color=&#8221;color-258192&#8243; overlay_alpha=&#8221;50&#8243; equal_height=&#8221;yes&#8221; gutter_size=&#8221;4&#8243; column_width_percent=&#8221;100&#8243; shift_y=&#8221;0&#8243; z_index=&#8221;0&#8243; inverted_device_order=&#8221;yes&#8221; content_parallax=&#8221;0&#8243; uncode_shortcode_id=&#8221;130374&#8243; back_color_type=&#8221;uncode-palette&#8221;][vc_column column_width_percent=&#8221;100&#8243; position_vertical=&#8221;middle&#8221; gutter_size=&#8221;3&#8243; overlay_alpha=&#8221;50&#8243; preserve_border=&#8221;yes&#8221; preserve_border_tablet=&#8221;yes&#8221; shift_x=&#8221;0&#8243; shift_y=&#8221;0&#8243; shift_y_down=&#8221;0&#8243; z_index=&#8221;0&#8243; medium_width=&#8221;4&#8243; mobile_width=&#8221;0&#8243; width=&#8221;1\/2&#8243; uncode_shortcode_id=&#8221;180517&#8243;][vc_custom_heading text_color=&#8221;color-398772&#8243; text_size=&#8221;fontsize-155944&#8243; uncode_shortcode_id=&#8221;184319&#8243; text_color_type=&#8221;uncode-palette&#8221;]Sienet<\/p>\n<p>[\/vc_custom_heading][vc_column_text uncode_shortcode_id=&#8221;207466&#8243;]Tutustu herkullisten sienien monipuoliseen valikoimaan! Tarjoamme tuoreita, kuivattuja ja pakastettuja sieni\u00e4 suoraan luonnosta \u2013 kaikki huolella valittuja ja korkealaatuisia. Teemme yhteisty\u00f6t\u00e4 paikallisten ker\u00e4ilij\u00f6iden kanssa varmistaaksemme, ett\u00e4 saat aina puhtaita ja vastuullisesti hankittuja sieni\u00e4.<\/p>\n<p>[\/vc_column_text][vc_button button_color=&#8221;color-398772&#8243; radius=&#8221;btn-circle&#8221; hover_fx=&#8221;full-colored&#8221; border_width=&#8221;0&#8243; uncode_shortcode_id=&#8221;470615&#8243; button_color_type=&#8221;uncode-palette&#8221; link=&#8221;url:https%3A%2F%2Fdirtywebsite.fi%2Fsatomestarit%2Felintarvikkeet%2Fsienet|title:Yhteys&#8221;]Tutustu ja ihastu[\/vc_button][\/vc_column][vc_column column_width_percent=&#8221;100&#8243; position_vertical=&#8221;middle&#8221; gutter_size=&#8221;3&#8243; override_padding=&#8221;yes&#8221; column_padding=&#8221;3&#8243; overlay_alpha=&#8221;50&#8243; preserve_border=&#8221;yes&#8221; preserve_border_tablet=&#8221;yes&#8221; shift_x=&#8221;0&#8243; shift_y=&#8221;0&#8243; shift_y_down=&#8221;0&#8243; z_index=&#8221;0&#8243; medium_width=&#8221;4&#8243; mobile_width=&#8221;0&#8243; width=&#8221;1\/2&#8243; uncode_shortcode_id=&#8221;261958&#8243;][vc_single_image media=&#8221;156009&#8243; media_width_percent=&#8221;100&#8243; uncode_shortcode_id=&#8221;108066&#8243;][\/vc_column][\/vc_row][vc_row row_height_percent=&#8221;0&#8243; override_padding=&#8221;yes&#8221; h_padding=&#8221;2&#8243; top_padding=&#8221;2&#8243; bottom_padding=&#8221;0&#8243; back_color=&#8221;color-258192&#8243; overlay_alpha=&#8221;50&#8243; equal_height=&#8221;yes&#8221; gutter_size=&#8221;4&#8243; column_width_percent=&#8221;100&#8243; shift_y=&#8221;0&#8243; z_index=&#8221;0&#8243; content_parallax=&#8221;0&#8243; uncode_shortcode_id=&#8221;118991&#8243; back_color_type=&#8221;uncode-palette&#8221;][vc_column column_width_percent=&#8221;100&#8243; position_vertical=&#8221;middle&#8221; gutter_size=&#8221;3&#8243; override_padding=&#8221;yes&#8221; column_padding=&#8221;3&#8243; overlay_alpha=&#8221;50&#8243; preserve_border=&#8221;yes&#8221; preserve_border_tablet=&#8221;yes&#8221; shift_x=&#8221;0&#8243; shift_y=&#8221;0&#8243; shift_y_down=&#8221;0&#8243; z_index=&#8221;0&#8243; medium_width=&#8221;4&#8243; mobile_width=&#8221;0&#8243; width=&#8221;1\/2&#8243; uncode_shortcode_id=&#8221;107298&#8243;][vc_single_image media=&#8221;156008&#8243; media_width_percent=&#8221;100&#8243; uncode_shortcode_id=&#8221;613688&#8243;][\/vc_column][vc_column column_width_percent=&#8221;100&#8243; position_vertical=&#8221;middle&#8221; gutter_size=&#8221;3&#8243; overlay_alpha=&#8221;50&#8243; preserve_border=&#8221;yes&#8221; preserve_border_tablet=&#8221;yes&#8221; shift_x=&#8221;0&#8243; shift_y=&#8221;0&#8243; shift_y_down=&#8221;0&#8243; z_index=&#8221;0&#8243; medium_width=&#8221;4&#8243; mobile_width=&#8221;0&#8243; width=&#8221;1\/2&#8243; uncode_shortcode_id=&#8221;188856&#8243;][vc_custom_heading text_color=&#8221;color-398772&#8243; text_size=&#8221;fontsize-155944&#8243; uncode_shortcode_id=&#8221;830398&#8243; text_color_type=&#8221;uncode-palette&#8221;]Juurekset[\/vc_custom_heading][vc_column_text uncode_shortcode_id=&#8221;163137&#8243;]Tuoreet, l\u00e4hell\u00e4 tuotetut juurekset kruunaavat aterian kuin aterian. Monipuolisesta valikoimastamme l\u00f6yd\u00e4t esimerksi ainoat k\u00e4sikuiritut puikulaperunat Etel\u00e4-Suomessa![\/vc_column_text][vc_button button_color=&#8221;color-398772&#8243; radius=&#8221;btn-circle&#8221; hover_fx=&#8221;full-colored&#8221; border_width=&#8221;0&#8243; uncode_shortcode_id=&#8221;935462&#8243; button_color_type=&#8221;uncode-palette&#8221; link=&#8221;url:https%3A%2F%2Fdirtywebsite.fi%2Fsatomestarit%2Felintarvikkeet%2Fjuurekset&#8221;]Tutustu ja ihastu[\/vc_button][\/vc_column][\/vc_row][vc_row row_height_percent=&#8221;0&#8243; override_padding=&#8221;yes&#8221; h_padding=&#8221;2&#8243; top_padding=&#8221;2&#8243; bottom_padding=&#8221;0&#8243; back_color=&#8221;color-258192&#8243; overlay_alpha=&#8221;50&#8243; equal_height=&#8221;yes&#8221; gutter_size=&#8221;4&#8243; column_width_percent=&#8221;100&#8243; shift_y=&#8221;0&#8243; z_index=&#8221;0&#8243; inverted_device_order=&#8221;yes&#8221; content_parallax=&#8221;0&#8243; uncode_shortcode_id=&#8221;528557&#8243; back_color_type=&#8221;uncode-palette&#8221;][vc_column column_width_percent=&#8221;100&#8243; position_vertical=&#8221;middle&#8221; gutter_size=&#8221;3&#8243; overlay_alpha=&#8221;50&#8243; preserve_border=&#8221;yes&#8221; preserve_border_tablet=&#8221;yes&#8221; shift_x=&#8221;0&#8243; shift_y=&#8221;0&#8243; shift_y_down=&#8221;0&#8243; z_index=&#8221;0&#8243; medium_width=&#8221;4&#8243; mobile_width=&#8221;0&#8243; width=&#8221;1\/2&#8243; uncode_shortcode_id=&#8221;160034&#8243;][vc_custom_heading text_color=&#8221;color-398772&#8243; text_size=&#8221;fontsize-155944&#8243; uncode_shortcode_id=&#8221;391867&#8243; text_color_type=&#8221;uncode-palette&#8221;]Hedelm\u00e4t[\/vc_custom_heading][vc_column_text uncode_shortcode_id=&#8221;174375&#8243;]Monipuolinen valikoima maukkaita tuoreita hedelmi\u00e4 &#8211; tarkalla laatuseurannalla. Valmistamme my\u00f6s tuoreita ja makeita valmiiksi kuorittuja ananaksia.<\/p>\n<p>Uutuutena raikas Hedelm\u00e4mix![\/vc_column_text][vc_button button_color=&#8221;color-398772&#8243; radius=&#8221;btn-circle&#8221; hover_fx=&#8221;full-colored&#8221; border_width=&#8221;0&#8243; uncode_shortcode_id=&#8221;700466&#8243; button_color_type=&#8221;uncode-palette&#8221; link=&#8221;url:https%3A%2F%2Fdirtywebsite.fi%2Fsatomestarit%2Fyhteys|title:Yhteys&#8221;]Ota yhteytt\u00e4[\/vc_button][\/vc_column][vc_column column_width_percent=&#8221;100&#8243; position_vertical=&#8221;middle&#8221; gutter_size=&#8221;3&#8243; override_padding=&#8221;yes&#8221; column_padding=&#8221;3&#8243; overlay_alpha=&#8221;50&#8243; preserve_border=&#8221;yes&#8221; preserve_border_tablet=&#8221;yes&#8221; shift_x=&#8221;0&#8243; shift_y=&#8221;0&#8243; shift_y_down=&#8221;0&#8243; z_index=&#8221;0&#8243; medium_width=&#8221;4&#8243; mobile_width=&#8221;0&#8243; width=&#8221;1\/2&#8243; uncode_shortcode_id=&#8221;707193&#8243;][vc_single_image media=&#8221;156007&#8243; media_width_percent=&#8221;100&#8243; uncode_shortcode_id=&#8221;280237&#8243;][\/vc_column][\/vc_row][vc_row row_height_percent=&#8221;0&#8243; override_padding=&#8221;yes&#8221; h_padding=&#8221;2&#8243; top_padding=&#8221;2&#8243; bottom_padding=&#8221;5&#8243; back_color=&#8221;color-258192&#8243; back_image=&#8221;154238&#8243; back_position=&#8221;center bottom&#8221; overlay_alpha=&#8221;50&#8243; equal_height=&#8221;yes&#8221; gutter_size=&#8221;4&#8243; column_width_percent=&#8221;100&#8243; shift_y=&#8221;0&#8243; z_index=&#8221;0&#8243; enable_bottom_divider=&#8221;default&#8221; bottom_divider=&#8221;mountains&#8221; shape_bottom_h_use_pixel=&#8221;&#8221; shape_bottom_height=&#8221;25&#8243; shape_bottom_color=&#8221;color-398772&#8243; shape_bottom_opacity=&#8221;100&#8243; shape_bottom_index=&#8221;0&#8243; content_parallax=&#8221;0&#8243; uncode_shortcode_id=&#8221;114116&#8243; back_color_type=&#8221;uncode-palette&#8221; shape_bottom_color_type=&#8221;uncode-palette&#8221;][vc_column column_width_percent=&#8221;100&#8243; position_vertical=&#8221;middle&#8221; gutter_size=&#8221;3&#8243; override_padding=&#8221;yes&#8221; column_padding=&#8221;3&#8243; overlay_alpha=&#8221;50&#8243; preserve_border=&#8221;yes&#8221; preserve_border_tablet=&#8221;yes&#8221; shift_x=&#8221;0&#8243; shift_y=&#8221;0&#8243; shift_y_down=&#8221;0&#8243; z_index=&#8221;0&#8243; medium_width=&#8221;4&#8243; mobile_width=&#8221;0&#8243; width=&#8221;1\/2&#8243; uncode_shortcode_id=&#8221;116556&#8243;][vc_single_image media=&#8221;156006&#8243; media_width_percent=&#8221;100&#8243; uncode_shortcode_id=&#8221;127219&#8243;][\/vc_column][vc_column column_width_percent=&#8221;100&#8243; position_vertical=&#8221;middle&#8221; gutter_size=&#8221;3&#8243; overlay_alpha=&#8221;50&#8243; preserve_border=&#8221;yes&#8221; preserve_border_tablet=&#8221;yes&#8221; shift_x=&#8221;0&#8243; shift_y=&#8221;0&#8243; shift_y_down=&#8221;0&#8243; z_index=&#8221;0&#8243; medium_width=&#8221;4&#8243; mobile_width=&#8221;0&#8243; width=&#8221;1\/2&#8243; uncode_shortcode_id=&#8221;297499&#8243;][vc_custom_heading text_color=&#8221;color-398772&#8243; text_size=&#8221;fontsize-155944&#8243; uncode_shortcode_id=&#8221;910900&#8243; text_color_type=&#8221;uncode-palette&#8221;]Kotimaiset marjat[\/vc_custom_heading][vc_column_text uncode_shortcode_id=&#8221;133306&#8243;]Toimitamme laajan valikoiman kotimaassa ker\u00e4ttyj\u00e4 marjoja &#8211; sek\u00e4 tuoreina ett\u00e4 pakasteina. L\u00f6yd\u00e4t meilt\u00e4 my\u00f6s valmiiksi paketoituja ratkaisuja, kuten herkullisen puolukkasurvoksen.[\/vc_column_text][vc_button button_color=&#8221;color-398772&#8243; radius=&#8221;btn-circle&#8221; hover_fx=&#8221;full-colored&#8221; border_width=&#8221;0&#8243; uncode_shortcode_id=&#8221;543745&#8243; button_color_type=&#8221;uncode-palette&#8221; link=&#8221;url:https%3A%2F%2Fdirtywebsite.fi%2Fsatomestarit%2Fyhteys|title:Yhteys&#8221;]Ota yhteytt\u00e4[\/vc_button][\/vc_column][\/vc_row]<\/p>\n<\/div>","protected":false},"excerpt":{"rendered":"<p>[vc_row unlock_row_content=&#8221;yes&#8221; row_height_percent=&#8221;62&#8243; override_padding=&#8221;yes&#8221; h_padding=&#8221;3&#8243; top_padding=&#8221;6&#8243; bottom_padding=&#8221;3&#8243; back_color=&#8221;color-258192&#8243; back_image=&#8221;154135&#8243; back_position=&#8221;center top&#8221; overlay_alpha=&#8221;50&#8243; equal_height=&#8221;yes&#8221; gutter_size=&#8221;0&#8243; column_width_percent=&#8221;100&#8243; border_color=&#8221;color-gyho&#8221; border_style=&#8221;solid&#8221; shift_y=&#8221;0&#8243; z_index=&#8221;0&#8243; bottom_divider=&#8221;mountains&#8221; [&hellip;]<\/p>\n","protected":false},"author":1,"featured_media":0,"parent":0,"menu_order":0,"comment_status":"closed","ping_status":"closed","template":"","meta":{"footnotes":""},"class_list":["post-155991","page","type-page","status-publish","hentry"],"_links":{"self":[{"href":"https:\/\/dirtywebsite.fi\/satomestarit\/wp-json\/wp\/v2\/pages\/155991","targetHints":{"allow":["GET"]}}],"collection":[{"href":"https:\/\/dirtywebsite.fi\/satomestarit\/wp-json\/wp\/v2\/pages"}],"about":[{"href":"https:\/\/dirtywebsite.fi\/satomestarit\/wp-json\/wp\/v2\/types\/page"}],"author":[{"embeddable":true,"href":"https:\/\/dirtywebsite.fi\/satomestarit\/wp-json\/wp\/v2\/users\/1"}],"replies":[{"embeddable":true,"href":"https:\/\/dirtywebsite.fi\/satomestarit\/wp-json\/wp\/v2\/comments?post=155991"}],"version-history":[{"count":13,"href":"https:\/\/dirtywebsite.fi\/satomestarit\/wp-json\/wp\/v2\/pages\/155991\/revisions"}],"predecessor-version":[{"id":156077,"href":"https:\/\/dirtywebsite.fi\/satomestarit\/wp-json\/wp\/v2\/pages\/155991\/revisions\/156077"}],"wp:attachment":[{"href":"https:\/\/dirtywebsite.fi\/satomestarit\/wp-json\/wp\/v2\/media?parent=155991"}],"curies":[{"name":"wp","href":"https:\/\/api.w.org\/{rel}","templated":true}]}}