{"id":154166,"date":"2025-03-27T15:07:53","date_gmt":"2025-03-27T13:07:53","guid":{"rendered":"https:\/\/dirtywebsite.fi\/satomestarit\/?page_id=154166"},"modified":"2025-04-25T11:50:34","modified_gmt":"2025-04-25T08:50:34","slug":"yritys","status":"publish","type":"page","link":"https:\/\/dirtywebsite.fi\/satomestarit\/yritys","title":{"rendered":"Yritys"},"content":{"rendered":"<div class=\"wpb-content-wrapper\"><p>[vc_row unlock_row_content=&#8221;yes&#8221; row_height_percent=&#8221;0&#8243; override_padding=&#8221;yes&#8221; h_padding=&#8221;2&#8243; top_padding=&#8221;2&#8243; bottom_padding=&#8221;2&#8243; back_color=&#8221;color-539447&#8243; back_image=&#8221;154137&#8243; overlay_alpha=&#8221;0&#8243; gutter_size=&#8221;3&#8243; column_width_percent=&#8221;100&#8243; shift_y=&#8221;0&#8243; z_index=&#8221;0&#8243; enable_bottom_divider=&#8221;default&#8221; bottom_divider_inv=&#8221;mountains&#8221; shape_bottom_invert=&#8221;yes&#8221; shape_bottom_h_use_pixel=&#8221;&#8221; shape_bottom_height=&#8221;30&#8243; shape_bottom_color=&#8221;color-258192&#8243; shape_bottom_opacity=&#8221;100&#8243; shape_bottom_index=&#8221;3&#8243; content_parallax=&#8221;0&#8243; uncode_shortcode_id=&#8221;195086&#8243; back_color_type=&#8221;uncode-palette&#8221; shape_bottom_color_type=&#8221;uncode-palette&#8221;][vc_column column_width_percent=&#8221;71&#8243; position_vertical=&#8221;middle&#8221; gutter_size=&#8221;2&#8243; overlay_alpha=&#8221;50&#8243; shift_x=&#8221;0&#8243; shift_y=&#8221;0&#8243; shift_y_down=&#8221;0&#8243; z_index=&#8221;0&#8243; medium_width=&#8221;0&#8243; mobile_width=&#8221;0&#8243; width=&#8221;1\/2&#8243; uncode_shortcode_id=&#8221;221400&#8243;][vc_custom_heading text_color=&#8221;color-482803&#8243; heading_semantic=&#8221;h3&#8243; text_size=&#8221;fontsize-338686&#8243; text_height=&#8221;fontheight-179065&#8243; sub_lead=&#8221;yes&#8221; css_animation=&#8221;curtain-words&#8221; uncode_shortcode_id=&#8221;124160&#8243; text_color_type=&#8221;uncode-palette&#8221;]Kaikki alkoi hapankaalista[\/vc_custom_heading][vc_column_text text_lead=&#8221;yes&#8221; text_color=&#8221;color-482803&#8243; css_animation=&#8221;left-t-right&#8221; animation_speed=&#8221;600&#8243; animation_delay=&#8221;300&#8243; uncode_shortcode_id=&#8221;407859&#8243; text_color_type=&#8221;uncode-palette&#8221;]Me olemme Satomestarit &#8211; elintarviketukku yli 30 vuoden kokemuksella. Olemme tuoneet p\u00f6yt\u00e4\u00e4n laadukkaita, l\u00e4hell\u00e4 tuotettuja elintarvikkeita vuodesta 1990 l\u00e4htien. Yrityksemme tarina l\u00e4hti perustaja Ahtin huomatessa hapantuotteiden kasvavan kysynn\u00e4n. Keskeisimm\u00e4t arvomme laatu, kotimaisuus ja vastuullisuus ovat vieneet tuotteitamme ravintoloihin, kauppoihin ja ruokap\u00f6ytiin ymp\u00e4ri Suomen.[\/vc_column_text][\/vc_column][vc_column column_width_percent=&#8221;100&#8243; position_vertical=&#8221;bottom&#8221; gutter_size=&#8221;3&#8243; expand_height=&#8221;yes&#8221; overlay_alpha=&#8221;50&#8243; shift_x=&#8221;0&#8243; shift_y=&#8221;-2&#8243; shift_y_down=&#8221;0&#8243; z_index=&#8221;0&#8243; medium_width=&#8221;0&#8243; mobile_width=&#8221;0&#8243; width=&#8221;1\/2&#8243; uncode_shortcode_id=&#8221;693674&#8243;][vc_single_image media=&#8221;155965&#8243; media_width_percent=&#8221;96&#8243; css_animation=&#8221;bottom-t-top&#8221; animation_speed=&#8221;600&#8243; animation_delay=&#8221;200&#8243; uncode_shortcode_id=&#8221;118755&#8243;][\/vc_column][\/vc_row][vc_row unlock_row_content=&#8221;yes&#8221; row_height_percent=&#8221;62&#8243; override_padding=&#8221;yes&#8221; h_padding=&#8221;3&#8243; top_padding=&#8221;5&#8243; bottom_padding=&#8221;5&#8243; back_image=&#8221;154135&#8243; back_position=&#8221;center top&#8221; overlay_alpha=&#8221;50&#8243; equal_height=&#8221;yes&#8221; gutter_size=&#8221;0&#8243; column_width_percent=&#8221;100&#8243; border_color=&#8221;color-gyho&#8221; border_style=&#8221;solid&#8221; shift_y=&#8221;0&#8243; z_index=&#8221;0&#8243; enable_bottom_divider=&#8221;default&#8221; bottom_divider=&#8221;mountains&#8221; shape_bottom_h_use_pixel=&#8221;&#8221; shape_bottom_height=&#8221;40&#8243; shape_bottom_color=&#8221;color-210407&#8243; shape_bottom_opacity=&#8221;100&#8243; shape_bottom_index=&#8221;0&#8243; content_parallax=&#8221;0&#8243; uncode_shortcode_id=&#8221;762334&#8243; border_color_type=&#8221;uncode-palette&#8221; shape_bottom_color_type=&#8221;uncode-palette&#8221; row_name=&#8221;intro&#8221;][vc_column column_width_percent=&#8221;100&#8243; position_vertical=&#8221;middle&#8221; align_horizontal=&#8221;align_center&#8221; gutter_size=&#8221;4&#8243; overlay_alpha=&#8221;50&#8243; shift_x=&#8221;0&#8243; shift_y=&#8221;0&#8243; shift_y_down=&#8221;0&#8243; z_index=&#8221;0&#8243; medium_width=&#8221;4&#8243; mobile_width=&#8221;0&#8243; width=&#8221;1\/1&#8243; uncode_shortcode_id=&#8221;557501&#8243;][vc_row_inner][vc_column_inner column_width_percent=&#8221;70&#8243; align_horizontal=&#8221;align_center&#8221; gutter_size=&#8221;3&#8243; overlay_alpha=&#8221;50&#8243; shift_x=&#8221;0&#8243; shift_y=&#8221;0&#8243; shift_y_down=&#8221;0&#8243; z_index=&#8221;0&#8243; medium_width=&#8221;0&#8243; mobile_width=&#8221;0&#8243; width=&#8221;1\/1&#8243; uncode_shortcode_id=&#8221;154809&#8243;][vc_custom_heading text_color=&#8221;color-398772&#8243; heading_semantic=&#8221;h3&#8243; text_size=&#8221;fontsize-155944&#8243; sub_lead=&#8221;yes&#8221; uncode_shortcode_id=&#8221;388501&#8243; text_color_type=&#8221;uncode-palette&#8221;]Hyv\u00e4 l\u00f6ytyy l\u00e4helt\u00e4[\/vc_custom_heading][vc_column_text text_lead=&#8221;yes&#8221; text_color=&#8221;color-398772&#8243; uncode_shortcode_id=&#8221;197602&#8243; text_color_type=&#8221;uncode-palette&#8221;]Toimintaamme on aina ohjannut vahva halu suosia <strong>l\u00e4hituottajien tuoreita, kotimaisia raaka-aineita<\/strong>. Vankka yhteisty\u00f6 l\u00e4hiseudun tuottajien kanssa mahdollistaa yhteisen sitoutumisen niin tuotteiden tuoreuteen kuin korkeaan laatuun. Pisimm\u00e4t yhteisty\u00f6suhteemme ovatkin kest\u00e4neet jo yli 30 vuotta.[\/vc_column_text][vc_button button_color=&#8221;color-144584&#8243; radius=&#8221;btn-circle&#8221; hover_fx=&#8221;full-colored&#8221; border_width=&#8221;0&#8243; link=&#8221;url:https%3A%2F%2Fdirtywebsite.fi%2Fsatomestarit%2Ftuotteemme|title:Tuotteemme&#8221; button_color_type=&#8221;uncode-palette&#8221; uncode_shortcode_id=&#8221;772511&#8243;]Tutustu tuotteisiimme[\/vc_button][\/vc_column_inner][\/vc_row_inner][\/vc_column][\/vc_row][vc_row unlock_row_content=&#8221;yes&#8221; row_height_percent=&#8221;0&#8243; override_padding=&#8221;yes&#8221; h_padding=&#8221;2&#8243; top_padding=&#8221;2&#8243; bottom_padding=&#8221;2&#8243; back_color=&#8221;color-210407&#8243; overlay_alpha=&#8221;0&#8243; gutter_size=&#8221;3&#8243; column_width_percent=&#8221;100&#8243; shift_y=&#8221;0&#8243; z_index=&#8221;0&#8243; enable_bottom_divider=&#8221;default&#8221; bottom_divider_inv=&#8221;mountains&#8221; shape_bottom_invert=&#8221;yes&#8221; shape_bottom_h_use_pixel=&#8221;&#8221; shape_bottom_height=&#8221;30&#8243; shape_bottom_color=&#8221;color-398772&#8243; shape_bottom_opacity=&#8221;100&#8243; shape_bottom_index=&#8221;3&#8243; content_parallax=&#8221;0&#8243; uncode_shortcode_id=&#8221;727379&#8243; back_color_type=&#8221;uncode-palette&#8221; shape_bottom_color_type=&#8221;uncode-palette&#8221;][vc_column column_width_percent=&#8221;71&#8243; position_vertical=&#8221;middle&#8221; gutter_size=&#8221;2&#8243; overlay_alpha=&#8221;50&#8243; shift_x=&#8221;0&#8243; shift_y=&#8221;0&#8243; shift_y_down=&#8221;0&#8243; z_index=&#8221;0&#8243; medium_width=&#8221;0&#8243; mobile_width=&#8221;0&#8243; width=&#8221;1\/2&#8243; uncode_shortcode_id=&#8221;221400&#8243;][vc_custom_heading text_color=&#8221;color-258192&#8243; heading_semantic=&#8221;h3&#8243; text_size=&#8221;fontsize-155944&#8243; text_height=&#8221;fontheight-179065&#8243; sub_lead=&#8221;yes&#8221; uncode_shortcode_id=&#8221;870340&#8243; text_color_type=&#8221;uncode-palette&#8221;]Ripe\u00e4sti ja aidosti palvellen[\/vc_custom_heading][vc_column_text text_lead=&#8221;yes&#8221; text_color=&#8221;color-258192&#8243; uncode_shortcode_id=&#8221;126536&#8243; text_color_type=&#8221;uncode-palette&#8221;]Toimitamme elintarvikkeita nopeasti koko p\u00e4\u00e4kaupunkiseudun alueella &#8211; aina aidosti palvellen. Laaja ja luotettava kumppaniverkostomme takaa mutkattoman toimitusketjun varmistaen, ett\u00e4 laatu ja tuoreus ovat aina korkeinta mahdollista luokkaa.<\/p>\n<p>Muokkaamme tuotevalikoimaamme ja toimitamme my\u00f6s t\u00e4ysin r\u00e4\u00e4t\u00e4l\u00f6ityj\u00e4 tuotteita tarpeen mukaan.[\/vc_column_text][vc_button button_color=&#8221;color-482803&#8243; radius=&#8221;btn-circle&#8221; hover_fx=&#8221;full-colored&#8221; border_width=&#8221;0&#8243; link=&#8221;url:https%3A%2F%2Fdirtywebsite.fi%2Fsatomestarit%2Fyhteys|title:Yhteys&#8221; button_color_type=&#8221;uncode-palette&#8221; uncode_shortcode_id=&#8221;198749&#8243;]Ota yhteytt\u00e4[\/vc_button][\/vc_column][vc_column column_width_percent=&#8221;100&#8243; position_vertical=&#8221;bottom&#8221; gutter_size=&#8221;3&#8243; expand_height=&#8221;yes&#8221; overlay_alpha=&#8221;50&#8243; shift_x=&#8221;0&#8243; shift_y=&#8221;0&#8243; shift_y_down=&#8221;0&#8243; z_index=&#8221;0&#8243; medium_width=&#8221;0&#8243; mobile_width=&#8221;0&#8243; width=&#8221;1\/2&#8243; uncode_shortcode_id=&#8221;186965&#8243;][vc_single_image media=&#8221;154237&#8243; media_width_percent=&#8221;89&#8243; uncode_shortcode_id=&#8221;715398&#8243;][\/vc_column][\/vc_row][vc_row row_height_percent=&#8221;50&#8243; override_padding=&#8221;yes&#8221; h_padding=&#8221;2&#8243; top_padding=&#8221;5&#8243; bottom_padding=&#8221;5&#8243; back_color=&#8221;color-398772&#8243; parallax=&#8221;yes&#8221; overlay_alpha=&#8221;50&#8243; gutter_size=&#8221;100&#8243; column_width_percent=&#8221;100&#8243; shift_y=&#8221;0&#8243; z_index=&#8221;0&#8243; content_parallax=&#8221;0&#8243; style=&#8221;inherited&#8221; uncode_shortcode_id=&#8221;165554&#8243; back_color_type=&#8221;uncode-palette&#8221;][vc_column column_width_percent=&#8221;100&#8243; position_vertical=&#8221;middle&#8221; align_horizontal=&#8221;align_center&#8221; gutter_size=&#8221;3&#8243; style=&#8221;dark&#8221; overlay_alpha=&#8221;100&#8243; shift_x=&#8221;0&#8243; shift_y=&#8221;0&#8243; shift_y_down=&#8221;0&#8243; z_index=&#8221;0&#8243; medium_width=&#8221;0&#8243; mobile_width=&#8221;0&#8243; zoom_width=&#8221;0&#8243; zoom_height=&#8221;0&#8243; width=&#8221;1\/1&#8243;][vc_custom_heading text_color=&#8221;color-144584&#8243; heading_semantic=&#8221;h3&#8243; text_size=&#8221;fontsize-155944&#8243; sub_lead=&#8221;yes&#8221; uncode_shortcode_id=&#8221;118728&#8243; text_color_type=&#8221;uncode-palette&#8221;]Asiakaskommentit[\/vc_custom_heading][vc_gallery el_id=&#8221;gallery-366919024&#8243; type=&#8221;carousel&#8221; medias=&#8221;154228,154227,154226&#8243; carousel_lg=&#8221;1&#8243; carousel_md=&#8221;1&#8243; carousel_sm=&#8221;1&#8243; gutter_size=&#8221;0&#8243; media_items=&#8221;media|nolink|original&#8221; carousel_autoh=&#8221;yes&#8221; carousel_type=&#8221;fade&#8221; carousel_interval=&#8221;5000&#8243; carousel_navspeed=&#8221;700&#8243; carousel_loop=&#8221;yes&#8221; carousel_dots=&#8221;yes&#8221; carousel_dots_mobile=&#8221;yes&#8221; carousel_textual=&#8221;yes&#8221; stage_padding=&#8221;0&#8243; single_overlay_opacity=&#8221;50&#8243; single_overlay_anim=&#8221;no&#8221; single_text_anim=&#8221;no&#8221; single_image_anim=&#8221;no&#8221; single_h_align=&#8221;center&#8221; single_padding=&#8221;2&#8243; single_title_dimension=&#8221;h3&#8243; single_title_height=&#8221;fontheight-357766&#8243; single_css_animation=&#8221;zoom-in&#8221; single_animation_delay=&#8221;200&#8243; carousel_twitter=&#8221;yes&#8221; title=&#8221;Testimonials&#8221; uncode_shortcode_id=&#8221;184276&#8243;][\/vc_column][\/vc_row]<\/p>\n<\/div>","protected":false},"excerpt":{"rendered":"<p>[vc_row unlock_row_content=&#8221;yes&#8221; row_height_percent=&#8221;0&#8243; override_padding=&#8221;yes&#8221; h_padding=&#8221;2&#8243; top_padding=&#8221;2&#8243; bottom_padding=&#8221;2&#8243; back_color=&#8221;color-539447&#8243; back_image=&#8221;154137&#8243; overlay_alpha=&#8221;0&#8243; gutter_size=&#8221;3&#8243; column_width_percent=&#8221;100&#8243; shift_y=&#8221;0&#8243; z_index=&#8221;0&#8243; enable_bottom_divider=&#8221;default&#8221; bottom_divider_inv=&#8221;mountains&#8221; shape_bottom_invert=&#8221;yes&#8221; shape_bottom_h_use_pixel=&#8221;&#8221; shape_bottom_height=&#8221;30&#8243; shape_bottom_color=&#8221;color-258192&#8243; [&hellip;]<\/p>\n","protected":false},"author":1,"featured_media":0,"parent":0,"menu_order":0,"comment_status":"closed","ping_status":"closed","template":"","meta":{"footnotes":""},"class_list":["post-154166","page","type-page","status-publish","hentry"],"_links":{"self":[{"href":"https:\/\/dirtywebsite.fi\/satomestarit\/wp-json\/wp\/v2\/pages\/154166","targetHints":{"allow":["GET"]}}],"collection":[{"href":"https:\/\/dirtywebsite.fi\/satomestarit\/wp-json\/wp\/v2\/pages"}],"about":[{"href":"https:\/\/dirtywebsite.fi\/satomestarit\/wp-json\/wp\/v2\/types\/page"}],"author":[{"embeddable":true,"href":"https:\/\/dirtywebsite.fi\/satomestarit\/wp-json\/wp\/v2\/users\/1"}],"replies":[{"embeddable":true,"href":"https:\/\/dirtywebsite.fi\/satomestarit\/wp-json\/wp\/v2\/comments?post=154166"}],"version-history":[{"count":16,"href":"https:\/\/dirtywebsite.fi\/satomestarit\/wp-json\/wp\/v2\/pages\/154166\/revisions"}],"predecessor-version":[{"id":156039,"href":"https:\/\/dirtywebsite.fi\/satomestarit\/wp-json\/wp\/v2\/pages\/154166\/revisions\/156039"}],"wp:attachment":[{"href":"https:\/\/dirtywebsite.fi\/satomestarit\/wp-json\/wp\/v2\/media?parent=154166"}],"curies":[{"name":"wp","href":"https:\/\/api.w.org\/{rel}","templated":true}]}}