{"id":84835,"date":"2022-06-13T06:43:08","date_gmt":"2022-06-13T06:43:08","guid":{"rendered":"https:\/\/dirtywebsite.fi\/louhivaara\/?page_id=84835"},"modified":"2022-06-13T06:50:34","modified_gmt":"2022-06-13T06:50:34","slug":"evastekaytanto","status":"publish","type":"page","link":"https:\/\/dirtywebsite.fi\/louhivaara\/evastekaytanto\/","title":{"rendered":"Ev\u00e4stek\u00e4yt\u00e4nt\u00f6"},"content":{"rendered":"<div class=\"wpb-content-wrapper\"><p>[vc_row unlock_row_content=&#8221;yes&#8221; row_height_percent=&#8221;0&#8243; override_padding=&#8221;yes&#8221; h_padding=&#8221;4&#8243; top_padding=&#8221;5&#8243; bottom_padding=&#8221;5&#8243; overlay_alpha=&#8221;50&#8243; gutter_size=&#8221;4&#8243; column_width_use_pixel=&#8221;yes&#8221; shift_y=&#8221;0&#8243; z_index=&#8221;0&#8243; row_custom_slug_check=&#8221;yes&#8221; column_width_pixel=&#8221;1600&#8243; uncode_shortcode_id=&#8221;195958&#8243; row_name=&#8221;evastekaytanto&#8221; row_custom_slug=&#8221;evastekaytanto&#8221;][vc_column width=&#8221;1\/1&#8243;][vc_column_text uncode_shortcode_id=&#8221;136042&#8243;]<b> 1. Mit\u00e4 ev\u00e4steet ovat?<\/b><\/p>\n<p>K\u00e4yt\u00e4mme sivustollamme ev\u00e4steit\u00e4. Ev\u00e4ste on tekstitiedosto, jonka selain tallentaa k\u00e4ytt\u00e4j\u00e4n laitteelle. Ev\u00e4steet sis\u00e4lt\u00e4v\u00e4t yksil\u00f6llisen sek\u00e4 anonyymin tunnisteen, jonka avulla voimme tunnistaa ja laskea sivustolla vierailevat selaimet.<\/p>\n<p>K\u00e4ytt\u00e4j\u00e4 voi est\u00e4\u00e4 ev\u00e4steiden k\u00e4yt\u00f6n tai tyhjent\u00e4\u00e4 ev\u00e4steet muokkaamalla Ev\u00e4steasetuksia. Ev\u00e4steiden k\u00e4yt\u00f6n est\u00e4minen tai niiden tyhjent\u00e4minen saattaa vaikuttaa palveluiden toimivuuteen.<\/p>\n<p>&nbsp;<\/p>\n<p><b> 2. Miksi ev\u00e4steit\u00e4 k\u00e4ytet\u00e4\u00e4n?<\/b><\/p>\n<p>Ev\u00e4steet tunnistavat laitteen, kun vierailet sivustolla uudestaan. Niiden avulla tekem\u00e4si valinnat j\u00e4\u00e4v\u00e4t muistiin sivustoa k\u00e4ytett\u00e4ess\u00e4. Ev\u00e4steit\u00e4 hy\u00f6dynnet\u00e4\u00e4n nopeuttamaan, analysoimaan sek\u00e4 kehitt\u00e4m\u00e4\u00e4n sivustoa. Ev\u00e4steit\u00e4 k\u00e4ytet\u00e4\u00e4n my\u00f6s markkinoinnin kohdentamiseen.<\/p>\n<p>Osa ev\u00e4steist\u00e4 on kolmannen osapuolen tarjoamia. Tutustu kolmannen osapuolen ev\u00e4stek\u00e4yt\u00e4nt\u00f6ihin kohdassa 4.<\/p>\n<p>&nbsp;<\/p>\n<p><b> 3. Tietojen k\u00e4ytt\u00f6tarkoitukset<\/b><\/p>\n<p>Sivustolta ker\u00e4ttyj\u00e4 tietoja k\u00e4ytet\u00e4\u00e4n:<\/p>\n<ul>\n<li aria-level=\"1\">Sivuston yleisen k\u00e4ytt\u00f6logiikan ymm\u00e4rt\u00e4miseen verkkosivujen k\u00e4vij\u00f6iden k\u00e4ytt\u00e4ytymisen mukaan.<\/li>\n<li aria-level=\"1\">Verkkosivuston kehitt\u00e4miseen k\u00e4ytt\u00f6kokemuksen parantamiseksi.<\/li>\n<li aria-level=\"1\">Markkinointiviestinn\u00e4n tukemiseen kolmannen osapuolen palveluntarjoajien liit\u00e4nn\u00e4ispalveluiden avulla.<\/li>\n<\/ul>\n<p>&nbsp;<\/p>\n<p><b> 4. Verkkosivuilla k\u00e4ytetyt kolmannen osapuolen ev\u00e4steet<\/b><\/p>\n<p>Osa ev\u00e4steist\u00e4 on kolmannen osapuolen tarjoamia. Ev\u00e4steiden k\u00e4ytt\u00f6\u00f6n voi vaikuttaa ev\u00e4stebannerin valintokohtien kautta.<\/p>\n<p>Tutustu tarkemmin sivustolla k\u00e4ytettyjen kolmannen osapuolen palveluntarjoajien tietosuojak\u00e4yt\u00e4nt\u00f6ihin:<\/p>\n<p><a href=\"https:\/\/policies.google.com\/privacy?hl=fi\">Googlen tietosuojak\u00e4yt\u00e4nt\u00f6<\/a><\/p>\n<p>&nbsp;<\/p>\n<p><b> 5. Tietojen k\u00e4sittely<\/b><\/p>\n<p>Sivuston tallentamat tiedot ovat vain rekisterin omistajan k\u00e4ytt\u00f6\u00f6n, eik\u00e4 niit\u00e4 luovuteta ulkopuolelle ilman henkil\u00f6iden suostumusta.[\/vc_column_text][\/vc_column][\/vc_row]<\/p>\n<\/div>","protected":false},"excerpt":{"rendered":"<p>[vc_row unlock_row_content=&#8221;yes&#8221; row_height_percent=&#8221;0&#8243; override_padding=&#8221;yes&#8221; h_padding=&#8221;4&#8243; top_padding=&#8221;5&#8243; bottom_padding=&#8221;5&#8243; overlay_alpha=&#8221;50&#8243; gutter_size=&#8221;4&#8243; column_width_use_pixel=&#8221;yes&#8221; shift_y=&#8221;0&#8243; z_index=&#8221;0&#8243; row_custom_slug_check=&#8221;yes&#8221; column_width_pixel=&#8221;1600&#8243; uncode_shortcode_id=&#8221;195958&#8243; row_name=&#8221;evastekaytanto&#8221; row_custom_slug=&#8221;evastekaytanto&#8221;][vc_column width=&#8221;1\/1&#8243;][vc_column_text uncode_shortcode_id=&#8221;136042&#8243;] 1. [&hellip;]<\/p>\n","protected":false},"author":1,"featured_media":0,"parent":0,"menu_order":0,"comment_status":"closed","ping_status":"closed","template":"","meta":{"footnotes":""},"class_list":["post-84835","page","type-page","status-publish","hentry"],"yoast_head":"<!-- This site is optimized with the Yoast SEO plugin v27.4 - https:\/\/yoast.com\/product\/yoast-seo-wordpress\/ -->\n<title>Ev\u00e4stek\u00e4yt\u00e4nt\u00f6 - Louhivaara - Pikkukoti, Loma-asunto, Et&auml;ty&ouml;taivas<\/title>\n<meta name=\"robots\" content=\"index, follow, max-snippet:-1, max-image-preview:large, max-video-preview:-1\" \/>\n<link rel=\"canonical\" href=\"https:\/\/dirtywebsite.fi\/louhivaara\/evastekaytanto\/\" \/>\n<meta property=\"og:locale\" content=\"fi_FI\" \/>\n<meta property=\"og:type\" content=\"article\" \/>\n<meta property=\"og:title\" content=\"Ev\u00e4stek\u00e4yt\u00e4nt\u00f6 - Louhivaara - Pikkukoti, Loma-asunto, Et&auml;ty&ouml;taivas\" \/>\n<meta property=\"og:description\" content=\"[vc_row unlock_row_content=&#8221;yes&#8221; row_height_percent=&#8221;0&#8243; override_padding=&#8221;yes&#8221; h_padding=&#8221;4&#8243; top_padding=&#8221;5&#8243; bottom_padding=&#8221;5&#8243; overlay_alpha=&#8221;50&#8243; gutter_size=&#8221;4&#8243; column_width_use_pixel=&#8221;yes&#8221; shift_y=&#8221;0&#8243; z_index=&#8221;0&#8243; row_custom_slug_check=&#8221;yes&#8221; column_width_pixel=&#8221;1600&#8243; uncode_shortcode_id=&#8221;195958&#8243; row_name=&#8221;evastekaytanto&#8221; row_custom_slug=&#8221;evastekaytanto&#8221;][vc_column width=&#8221;1\/1&#8243;][vc_column_text uncode_shortcode_id=&#8221;136042&#8243;] 1. [&hellip;]\" \/>\n<meta property=\"og:url\" content=\"https:\/\/dirtywebsite.fi\/louhivaara\/evastekaytanto\/\" \/>\n<meta property=\"og:site_name\" content=\"Louhivaara - Pikkukoti, Loma-asunto, Et&auml;ty&ouml;taivas\" \/>\n<meta property=\"article:publisher\" content=\"https:\/\/www.facebook.com\/Karkolankunta\/\" \/>\n<meta property=\"article:modified_time\" content=\"2022-06-13T06:50:34+00:00\" \/>\n<meta name=\"twitter:card\" content=\"summary_large_image\" \/>\n<meta name=\"twitter:label1\" content=\"Arvioitu lukuaika\" \/>\n\t<meta name=\"twitter:data1\" content=\"2 minuuttia\" \/>\n<script type=\"application\/ld+json\" class=\"yoast-schema-graph\">{\"@context\":\"https:\\\/\\\/schema.org\",\"@graph\":[{\"@type\":\"WebPage\",\"@id\":\"https:\\\/\\\/dirtywebsite.fi\\\/louhivaara\\\/evastekaytanto\\\/\",\"url\":\"https:\\\/\\\/dirtywebsite.fi\\\/louhivaara\\\/evastekaytanto\\\/\",\"name\":\"Ev\u00e4stek\u00e4yt\u00e4nt\u00f6 - Louhivaara - Pikkukoti, Loma-asunto, Et&auml;ty&ouml;taivas\",\"isPartOf\":{\"@id\":\"https:\\\/\\\/dirtywebsite.fi\\\/louhivaara\\\/#website\"},\"datePublished\":\"2022-06-13T06:43:08+00:00\",\"dateModified\":\"2022-06-13T06:50:34+00:00\",\"breadcrumb\":{\"@id\":\"https:\\\/\\\/dirtywebsite.fi\\\/louhivaara\\\/evastekaytanto\\\/#breadcrumb\"},\"inLanguage\":\"fi\",\"potentialAction\":[{\"@type\":\"ReadAction\",\"target\":[\"https:\\\/\\\/dirtywebsite.fi\\\/louhivaara\\\/evastekaytanto\\\/\"]}]},{\"@type\":\"BreadcrumbList\",\"@id\":\"https:\\\/\\\/dirtywebsite.fi\\\/louhivaara\\\/evastekaytanto\\\/#breadcrumb\",\"itemListElement\":[{\"@type\":\"ListItem\",\"position\":1,\"name\":\"Etusivu\",\"item\":\"https:\\\/\\\/dirtywebsite.fi\\\/louhivaara\\\/\"},{\"@type\":\"ListItem\",\"position\":2,\"name\":\"Ev\u00e4stek\u00e4yt\u00e4nt\u00f6\"}]},{\"@type\":\"WebSite\",\"@id\":\"https:\\\/\\\/dirtywebsite.fi\\\/louhivaara\\\/#website\",\"url\":\"https:\\\/\\\/dirtywebsite.fi\\\/louhivaara\\\/\",\"name\":\"Louhivaara - Pikkukoti, Loma-asunto, Et&auml;ty&ouml;taivas\",\"description\":\"Uusi upea 2020-luvun puutarhayhteis&ouml;\",\"publisher\":{\"@id\":\"https:\\\/\\\/dirtywebsite.fi\\\/louhivaara\\\/#organization\"},\"potentialAction\":[{\"@type\":\"SearchAction\",\"target\":{\"@type\":\"EntryPoint\",\"urlTemplate\":\"https:\\\/\\\/dirtywebsite.fi\\\/louhivaara\\\/?s={search_term_string}\"},\"query-input\":{\"@type\":\"PropertyValueSpecification\",\"valueRequired\":true,\"valueName\":\"search_term_string\"}}],\"inLanguage\":\"fi\"},{\"@type\":\"Organization\",\"@id\":\"https:\\\/\\\/dirtywebsite.fi\\\/louhivaara\\\/#organization\",\"name\":\"Vanhapappila\",\"url\":\"https:\\\/\\\/dirtywebsite.fi\\\/louhivaara\\\/\",\"logo\":{\"@type\":\"ImageObject\",\"inLanguage\":\"fi\",\"@id\":\"https:\\\/\\\/dirtywebsite.fi\\\/louhivaara\\\/#\\\/schema\\\/logo\\\/image\\\/\",\"url\":\"https:\\\/\\\/dirtywebsite.fi\\\/louhivaara\\\/wp-content\\\/uploads\\\/2022\\\/07\\\/Vanhapappila_musta.png\",\"contentUrl\":\"https:\\\/\\\/dirtywebsite.fi\\\/louhivaara\\\/wp-content\\\/uploads\\\/2022\\\/07\\\/Vanhapappila_musta.png\",\"width\":775,\"height\":213,\"caption\":\"Vanhapappila\"},\"image\":{\"@id\":\"https:\\\/\\\/dirtywebsite.fi\\\/louhivaara\\\/#\\\/schema\\\/logo\\\/image\\\/\"},\"sameAs\":[\"https:\\\/\\\/www.facebook.com\\\/Karkolankunta\\\/\",\"https:\\\/\\\/www.instagram.com\\\/karkolan_kunta\\\/\"]}]}<\/script>\n<!-- \/ Yoast SEO plugin. -->","yoast_head_json":{"title":"Ev\u00e4stek\u00e4yt\u00e4nt\u00f6 - Louhivaara - Pikkukoti, Loma-asunto, Et&auml;ty&ouml;taivas","robots":{"index":"index","follow":"follow","max-snippet":"max-snippet:-1","max-image-preview":"max-image-preview:large","max-video-preview":"max-video-preview:-1"},"canonical":"https:\/\/dirtywebsite.fi\/louhivaara\/evastekaytanto\/","og_locale":"fi_FI","og_type":"article","og_title":"Ev\u00e4stek\u00e4yt\u00e4nt\u00f6 - Louhivaara - Pikkukoti, Loma-asunto, Et&auml;ty&ouml;taivas","og_description":"[vc_row unlock_row_content=&#8221;yes&#8221; row_height_percent=&#8221;0&#8243; override_padding=&#8221;yes&#8221; h_padding=&#8221;4&#8243; top_padding=&#8221;5&#8243; bottom_padding=&#8221;5&#8243; overlay_alpha=&#8221;50&#8243; gutter_size=&#8221;4&#8243; column_width_use_pixel=&#8221;yes&#8221; shift_y=&#8221;0&#8243; z_index=&#8221;0&#8243; row_custom_slug_check=&#8221;yes&#8221; column_width_pixel=&#8221;1600&#8243; uncode_shortcode_id=&#8221;195958&#8243; row_name=&#8221;evastekaytanto&#8221; row_custom_slug=&#8221;evastekaytanto&#8221;][vc_column width=&#8221;1\/1&#8243;][vc_column_text uncode_shortcode_id=&#8221;136042&#8243;] 1. [&hellip;]","og_url":"https:\/\/dirtywebsite.fi\/louhivaara\/evastekaytanto\/","og_site_name":"Louhivaara - Pikkukoti, Loma-asunto, Et&auml;ty&ouml;taivas","article_publisher":"https:\/\/www.facebook.com\/Karkolankunta\/","article_modified_time":"2022-06-13T06:50:34+00:00","twitter_card":"summary_large_image","twitter_misc":{"Arvioitu lukuaika":"2 minuuttia"},"schema":{"@context":"https:\/\/schema.org","@graph":[{"@type":"WebPage","@id":"https:\/\/dirtywebsite.fi\/louhivaara\/evastekaytanto\/","url":"https:\/\/dirtywebsite.fi\/louhivaara\/evastekaytanto\/","name":"Ev\u00e4stek\u00e4yt\u00e4nt\u00f6 - Louhivaara - Pikkukoti, Loma-asunto, Et&auml;ty&ouml;taivas","isPartOf":{"@id":"https:\/\/dirtywebsite.fi\/louhivaara\/#website"},"datePublished":"2022-06-13T06:43:08+00:00","dateModified":"2022-06-13T06:50:34+00:00","breadcrumb":{"@id":"https:\/\/dirtywebsite.fi\/louhivaara\/evastekaytanto\/#breadcrumb"},"inLanguage":"fi","potentialAction":[{"@type":"ReadAction","target":["https:\/\/dirtywebsite.fi\/louhivaara\/evastekaytanto\/"]}]},{"@type":"BreadcrumbList","@id":"https:\/\/dirtywebsite.fi\/louhivaara\/evastekaytanto\/#breadcrumb","itemListElement":[{"@type":"ListItem","position":1,"name":"Etusivu","item":"https:\/\/dirtywebsite.fi\/louhivaara\/"},{"@type":"ListItem","position":2,"name":"Ev\u00e4stek\u00e4yt\u00e4nt\u00f6"}]},{"@type":"WebSite","@id":"https:\/\/dirtywebsite.fi\/louhivaara\/#website","url":"https:\/\/dirtywebsite.fi\/louhivaara\/","name":"Louhivaara - Pikkukoti, Loma-asunto, Et&auml;ty&ouml;taivas","description":"Uusi upea 2020-luvun puutarhayhteis&ouml;","publisher":{"@id":"https:\/\/dirtywebsite.fi\/louhivaara\/#organization"},"potentialAction":[{"@type":"SearchAction","target":{"@type":"EntryPoint","urlTemplate":"https:\/\/dirtywebsite.fi\/louhivaara\/?s={search_term_string}"},"query-input":{"@type":"PropertyValueSpecification","valueRequired":true,"valueName":"search_term_string"}}],"inLanguage":"fi"},{"@type":"Organization","@id":"https:\/\/dirtywebsite.fi\/louhivaara\/#organization","name":"Vanhapappila","url":"https:\/\/dirtywebsite.fi\/louhivaara\/","logo":{"@type":"ImageObject","inLanguage":"fi","@id":"https:\/\/dirtywebsite.fi\/louhivaara\/#\/schema\/logo\/image\/","url":"https:\/\/dirtywebsite.fi\/louhivaara\/wp-content\/uploads\/2022\/07\/Vanhapappila_musta.png","contentUrl":"https:\/\/dirtywebsite.fi\/louhivaara\/wp-content\/uploads\/2022\/07\/Vanhapappila_musta.png","width":775,"height":213,"caption":"Vanhapappila"},"image":{"@id":"https:\/\/dirtywebsite.fi\/louhivaara\/#\/schema\/logo\/image\/"},"sameAs":["https:\/\/www.facebook.com\/Karkolankunta\/","https:\/\/www.instagram.com\/karkolan_kunta\/"]}]}},"_links":{"self":[{"href":"https:\/\/dirtywebsite.fi\/louhivaara\/wp-json\/wp\/v2\/pages\/84835","targetHints":{"allow":["GET"]}}],"collection":[{"href":"https:\/\/dirtywebsite.fi\/louhivaara\/wp-json\/wp\/v2\/pages"}],"about":[{"href":"https:\/\/dirtywebsite.fi\/louhivaara\/wp-json\/wp\/v2\/types\/page"}],"author":[{"embeddable":true,"href":"https:\/\/dirtywebsite.fi\/louhivaara\/wp-json\/wp\/v2\/users\/1"}],"replies":[{"embeddable":true,"href":"https:\/\/dirtywebsite.fi\/louhivaara\/wp-json\/wp\/v2\/comments?post=84835"}],"version-history":[{"count":0,"href":"https:\/\/dirtywebsite.fi\/louhivaara\/wp-json\/wp\/v2\/pages\/84835\/revisions"}],"wp:attachment":[{"href":"https:\/\/dirtywebsite.fi\/louhivaara\/wp-json\/wp\/v2\/media?parent=84835"}],"curies":[{"name":"wp","href":"https:\/\/api.w.org\/{rel}","templated":true}]}}