{"id":113401,"date":"2026-04-06T17:10:29","date_gmt":"2026-04-06T17:10:29","guid":{"rendered":"https:\/\/dirtywebsite.fi\/factornova\/?page_id=113401"},"modified":"2026-04-14T16:21:29","modified_gmt":"2026-04-14T16:21:29","slug":"tiimi","status":"publish","type":"page","link":"https:\/\/dirtywebsite.fi\/factornova\/tiimi\/","title":{"rendered":"Tiimi"},"content":{"rendered":"<div class=\"wpb-content-wrapper\"><p>[vc_row unlock_row_content=&#8221;yes&#8221; row_height_percent=&#8221;0&#8243; override_padding=&#8221;yes&#8221; h_padding=&#8221;3&#8243; top_padding=&#8221;3&#8243; bottom_padding=&#8221;5&#8243; back_color=&#8221;color-jevc&#8221; overlay_alpha=&#8221;50&#8243; gutter_size=&#8221;4&#8243; column_width_use_pixel=&#8221;yes&#8221; shift_y=&#8221;0&#8243; z_index=&#8221;0&#8243; desktop_visibility=&#8221;yes&#8221; medium_visibility=&#8221;yes&#8221; mobile_visibility=&#8221;yes&#8221; changer_back_color=&#8221;yes&#8221; content_parallax=&#8221;0&#8243; column_width_pixel=&#8221;1600&#8243; uncode_shortcode_id=&#8221;132976&#8243; back_color_type=&#8221;uncode-palette&#8221;][vc_column column_width_percent=&#8221;100&#8243; position_vertical=&#8221;middle&#8221; gutter_size=&#8221;3&#8243; style=&#8221;dark&#8221; overlay_alpha=&#8221;50&#8243; shift_x=&#8221;0&#8243; shift_y=&#8221;0&#8243; shift_y_down=&#8221;0&#8243; z_index=&#8221;0&#8243; medium_width=&#8221;0&#8243; mobile_width=&#8221;0&#8243; width=&#8221;1\/1&#8243; uncode_shortcode_id=&#8221;320305&#8243;][\/vc_column][\/vc_row][vc_row unlock_row_content=&#8221;yes&#8221; row_height_percent=&#8221;0&#8243; override_padding=&#8221;yes&#8221; h_padding=&#8221;3&#8243; top_padding=&#8221;4&#8243; bottom_padding=&#8221;4&#8243; back_color=&#8221;color-jevc&#8221; overlay_alpha=&#8221;50&#8243; gutter_size=&#8221;4&#8243; column_width_use_pixel=&#8221;yes&#8221; shift_y=&#8221;0&#8243; z_index=&#8221;0&#8243; changer_back_color=&#8221;yes&#8221; content_parallax=&#8221;0&#8243; column_width_pixel=&#8221;1600&#8243; uncode_shortcode_id=&#8221;322124&#8243; back_color_type=&#8221;uncode-palette&#8221;][vc_column column_width_percent=&#8221;100&#8243; position_vertical=&#8221;middle&#8221; gutter_size=&#8221;3&#8243; style=&#8221;dark&#8221; overlay_alpha=&#8221;50&#8243; shift_x=&#8221;0&#8243; shift_y=&#8221;0&#8243; shift_y_down=&#8221;0&#8243; z_index=&#8221;0&#8243; medium_width=&#8221;0&#8243; mobile_width=&#8221;0&#8243; width=&#8221;5\/12&#8243; uncode_shortcode_id=&#8221;165873&#8243;][vc_custom_heading text_color=&#8221;color-210407&#8243; heading_semantic=&#8221;h1&#8243; text_size=&#8221;fontsize-445851&#8243; text_transform=&#8221;uppercase&#8221; text_height=&#8221;fontheight-179065&#8243; css_animation=&#8221;single-curtain&#8221; uncode_shortcode_id=&#8221;120676&#8243; text_color_type=&#8221;uncode-palette&#8221;]Tiimi[\/vc_custom_heading][vc_column_text text_lead=&#8221;yes&#8221; css_animation=&#8221;left-t-right&#8221; uncode_shortcode_id=&#8221;162598&#8243;]Ideoimme, visualisoimme ja tarinoimme, mutta tartumme my\u00f6s tinkim\u00e4tt\u00e4 toimeen. Suunnittelemme, tuotamme ja mahdollistamme el\u00e4mykselliset tapahtumat. Olemme tapahtumissa ensimm\u00e4isen\u00e4 ja poistumme viimeisen\u00e4. T\u00e4m\u00e4n olemme tehneet jo yli 2000 kertaa ymp\u00e4ri maailmaa. Me olemme Factor Nova \u2013 innovatiivinen tapahtumamarkkinointitoiminto Helsingist\u00e4.[\/vc_column_text][vc_custom_heading heading_semantic=&#8221;h3&#8243; text_size=&#8221;h1&#8243; text_transform=&#8221;uppercase&#8221; text_height=&#8221;fontheight-179065&#8243; css_animation=&#8221;single-curtain&#8221; uncode_shortcode_id=&#8221;775891&#8243;]Haluatko liitty\u00e4 meihin? L\u00e4het\u00e4 tarinasi CV:n kera rekry@factornova.com[\/vc_custom_heading][\/vc_column][vc_column column_width_percent=&#8221;100&#8243; position_vertical=&#8221;middle&#8221; gutter_size=&#8221;3&#8243; style=&#8221;dark&#8221; overlay_alpha=&#8221;50&#8243; shift_x=&#8221;4&#8243; shift_y=&#8221;0&#8243; shift_y_down=&#8221;0&#8243; z_index=&#8221;0&#8243; medium_width=&#8221;0&#8243; mobile_width=&#8221;0&#8243; width=&#8221;7\/12&#8243; uncode_shortcode_id=&#8221;144350&#8243;][vc_single_image media=&#8221;113351&#8243; media_width_percent=&#8221;90&#8243; alignment=&#8221;right&#8221; css_animation=&#8221;right-t-left&#8221; animation_delay=&#8221;200&#8243; uncode_shortcode_id=&#8221;124776&#8243;][\/vc_column][\/vc_row][vc_row unlock_row_content=&#8221;yes&#8221; row_height_percent=&#8221;0&#8243; override_padding=&#8221;yes&#8221; h_padding=&#8221;3&#8243; top_padding=&#8221;3&#8243; bottom_padding=&#8221;5&#8243; back_color=&#8221;color-jevc&#8221; overlay_alpha=&#8221;50&#8243; gutter_size=&#8221;3&#8243; column_width_percent=&#8221;100&#8243; shift_y=&#8221;0&#8243; z_index=&#8221;0&#8243; changer_back_color=&#8221;yes&#8221; content_parallax=&#8221;0&#8243; uncode_shortcode_id=&#8221;846914&#8243; row_name=&#8221;intro&#8221; back_color_type=&#8221;uncode-palette&#8221;][vc_column column_width_percent=&#8221;100&#8243; gutter_size=&#8221;5&#8243; style=&#8221;dark&#8221; overlay_alpha=&#8221;50&#8243; shift_x=&#8221;0&#8243; shift_y=&#8221;0&#8243; shift_y_down=&#8221;0&#8243; z_index=&#8221;0&#8243; medium_width=&#8221;0&#8243; mobile_width=&#8221;0&#8243; css_animation=&#8221;alpha-anim&#8221; animation_speed=&#8221;1600&#8243; width=&#8221;1\/1&#8243; uncode_shortcode_id=&#8221;715009&#8243;][vc_row_inner row_inner_height_percent=&#8221;0&#8243; overlay_alpha=&#8221;50&#8243; gutter_size=&#8221;2&#8243; shift_y=&#8221;0&#8243; z_index=&#8221;0&#8243; limit_content=&#8221;&#8221; uncode_shortcode_id=&#8221;794684&#8243;][vc_column_inner column_width_percent=&#8221;100&#8243; gutter_size=&#8221;3&#8243; style=&#8221;dark&#8221; overlay_alpha=&#8221;50&#8243; shift_x=&#8221;0&#8243; shift_y=&#8221;0&#8243; shift_y_down=&#8221;0&#8243; z_index=&#8221;0&#8243; medium_width=&#8221;0&#8243; mobile_width=&#8221;0&#8243; width=&#8221;1\/3&#8243; uncode_shortcode_id=&#8221;920032&#8243;][vc_single_image media=&#8221;113415&#8243; media_width_percent=&#8221;100&#8243; css_animation=&#8221;bottom-t-top&#8221; uncode_shortcode_id=&#8221;115391&#8243;][vc_custom_heading heading_semantic=&#8221;h3&#8243; text_size=&#8221;h1&#8243; text_transform=&#8221;uppercase&#8221; text_height=&#8221;fontheight-179065&#8243; css_animation=&#8221;single-curtain&#8221; uncode_shortcode_id=&#8221;731657&#8243; text_color_type=&#8221;uncode-palette&#8221; text_color_solid=&#8221;#ff0000&#8243; subheading=&#8221;Account Director<br \/>\n+358 (0)44 377 9610<br \/>\njarkko.melart@factornova.fi&#8221;]Jarkko M\u00e9lart[\/vc_custom_heading][vc_button button_color=&#8221;accent&#8221; size=&#8221;link&#8221; btn_link_size=&#8221;h4&#8243; btn_link_underline=&#8221;btn-underline-out&#8221; custom_typo=&#8221;yes&#8221; font_family=&#8221;font-210444&#8243; font_weight=&#8221;900&#8243; text_transform=&#8221;uppercase&#8221; link=&#8221;url:https%3A%2F%2Fmeetings-eu1.hubspot.com%2Fjarkko-melart%3F__hstc%3D72302604.636a7d046f328b893def9dba13d92752.1773127026416.1775484352768.1775494716610.8%26__hssc%3D72302604.5.1775494716610%26__hsfp%3Df93b47f633b540b74745043324de5b26&#8243; button_color_type=&#8221;uncode-palette&#8221; uncode_shortcode_id=&#8221;100664&#8243;]Varaa palaveri kanssani[\/vc_button][\/vc_column_inner][vc_column_inner column_width_percent=&#8221;100&#8243; gutter_size=&#8221;3&#8243; style=&#8221;dark&#8221; overlay_alpha=&#8221;50&#8243; shift_x=&#8221;0&#8243; shift_y=&#8221;0&#8243; shift_y_down=&#8221;0&#8243; z_index=&#8221;0&#8243; medium_width=&#8221;0&#8243; mobile_width=&#8221;0&#8243; width=&#8221;1\/3&#8243; uncode_shortcode_id=&#8221;241071&#8243;][vc_single_image media=&#8221;113416&#8243; media_width_percent=&#8221;100&#8243; css_animation=&#8221;bottom-t-top&#8221; animation_delay=&#8221;200&#8243; uncode_shortcode_id=&#8221;734172&#8243;][vc_custom_heading heading_semantic=&#8221;h3&#8243; text_size=&#8221;h1&#8243; text_transform=&#8221;uppercase&#8221; text_height=&#8221;fontheight-179065&#8243; css_animation=&#8221;single-curtain&#8221; uncode_shortcode_id=&#8221;142748&#8243; text_color_type=&#8221;uncode-palette&#8221; text_color_solid=&#8221;#ff0000&#8243; subheading=&#8221;Account Director<br \/>\n+358 (0)40 824 1273<br \/>\njonna.jarvela@factornova.fi&#8221;]Jonna J\u00e4rvel\u00e4[\/vc_custom_heading][vc_button button_color=&#8221;accent&#8221; size=&#8221;link&#8221; btn_link_size=&#8221;h4&#8243; btn_link_underline=&#8221;btn-underline-out&#8221; custom_typo=&#8221;yes&#8221; font_family=&#8221;font-210444&#8243; font_weight=&#8221;900&#8243; text_transform=&#8221;uppercase&#8221; link=&#8221;url:https%3A%2F%2Fmeetings-eu1.hubspot.com%2Fjonna-jaervelae%3F__hstc%3D72302604.636a7d046f328b893def9dba13d92752.1773127026416.1775484352768.1775494716610.8%26__hssc%3D72302604.5.1775494716610%26__hsfp%3Df93b47f633b540b74745043324de5b26&#8243; button_color_type=&#8221;uncode-palette&#8221; uncode_shortcode_id=&#8221;145665&#8243;]Varaa palaveri kanssani[\/vc_button][\/vc_column_inner][vc_column_inner column_width_percent=&#8221;100&#8243; gutter_size=&#8221;3&#8243; overlay_alpha=&#8221;50&#8243; shift_x=&#8221;0&#8243; shift_y=&#8221;0&#8243; shift_y_down=&#8221;0&#8243; z_index=&#8221;0&#8243; medium_width=&#8221;0&#8243; mobile_width=&#8221;0&#8243; width=&#8221;1\/3&#8243; uncode_shortcode_id=&#8221;194243&#8243;][vc_single_image media=&#8221;113417&#8243; media_width_percent=&#8221;100&#8243; css_animation=&#8221;bottom-t-top&#8221; animation_delay=&#8221;400&#8243; uncode_shortcode_id=&#8221;142115&#8243;][vc_custom_heading heading_semantic=&#8221;h3&#8243; text_size=&#8221;h1&#8243; text_transform=&#8221;uppercase&#8221; text_height=&#8221;fontheight-179065&#8243; css_animation=&#8221;single-curtain&#8221; uncode_shortcode_id=&#8221;879189&#8243; text_color_type=&#8221;uncode-palette&#8221; text_color_solid=&#8221;#ff0000&#8243; subheading=&#8221;Growth Director<br \/>\n+358 (0)40 653 9960<br \/>\njyri.brunou@factornova.fi&#8221;]Jyri Brunou[\/vc_custom_heading][vc_button button_color=&#8221;accent&#8221; size=&#8221;link&#8221; btn_link_size=&#8221;h4&#8243; btn_link_underline=&#8221;btn-underline-out&#8221; custom_typo=&#8221;yes&#8221; font_family=&#8221;font-210444&#8243; font_weight=&#8221;900&#8243; text_transform=&#8221;uppercase&#8221; link=&#8221;url:https%3A%2F%2Fmeetings-eu1.hubspot.com%2Fjyri-brunou%3F__hstc%3D72302604.636a7d046f328b893def9dba13d92752.1773127026416.1775484352768.1775494716610.8%26__hssc%3D72302604.5.1775494716610%26__hsfp%3Df93b47f633b540b74745043324de5b26&#8243; button_color_type=&#8221;uncode-palette&#8221; uncode_shortcode_id=&#8221;211018&#8243;]Varaa palaveri kanssani[\/vc_button][\/vc_column_inner][\/vc_row_inner][vc_row_inner row_inner_height_percent=&#8221;0&#8243; overlay_alpha=&#8221;50&#8243; gutter_size=&#8221;2&#8243; shift_y=&#8221;0&#8243; z_index=&#8221;0&#8243; limit_content=&#8221;&#8221; uncode_shortcode_id=&#8221;794684&#8243;][vc_column_inner column_width_percent=&#8221;100&#8243; gutter_size=&#8221;3&#8243; style=&#8221;dark&#8221; overlay_alpha=&#8221;50&#8243; shift_x=&#8221;0&#8243; shift_y=&#8221;0&#8243; shift_y_down=&#8221;0&#8243; z_index=&#8221;0&#8243; medium_width=&#8221;0&#8243; mobile_width=&#8221;0&#8243; width=&#8221;1\/3&#8243; uncode_shortcode_id=&#8221;920032&#8243;][vc_single_image media=&#8221;113415&#8243; media_width_percent=&#8221;100&#8243; css_animation=&#8221;bottom-t-top&#8221; uncode_shortcode_id=&#8221;115391&#8243;][vc_custom_heading heading_semantic=&#8221;h3&#8243; text_size=&#8221;h1&#8243; text_transform=&#8221;uppercase&#8221; text_height=&#8221;fontheight-179065&#8243; css_animation=&#8221;single-curtain&#8221; uncode_shortcode_id=&#8221;731657&#8243; text_color_type=&#8221;uncode-palette&#8221; text_color_solid=&#8221;#ff0000&#8243; subheading=&#8221;Account Director<br \/>\n+358 (0)44 377 9610<br \/>\njarkko.melart@factornova.fi&#8221;]Jarkko M\u00e9lart[\/vc_custom_heading][vc_button button_color=&#8221;accent&#8221; size=&#8221;link&#8221; btn_link_size=&#8221;h4&#8243; btn_link_underline=&#8221;btn-underline-out&#8221; custom_typo=&#8221;yes&#8221; font_family=&#8221;font-210444&#8243; font_weight=&#8221;900&#8243; text_transform=&#8221;uppercase&#8221; link=&#8221;url:https%3A%2F%2Fmeetings-eu1.hubspot.com%2Fjarkko-melart%3F__hstc%3D72302604.636a7d046f328b893def9dba13d92752.1773127026416.1775484352768.1775494716610.8%26__hssc%3D72302604.5.1775494716610%26__hsfp%3Df93b47f633b540b74745043324de5b26&#8243; button_color_type=&#8221;uncode-palette&#8221; uncode_shortcode_id=&#8221;100664&#8243;]Varaa palaveri kanssani[\/vc_button][\/vc_column_inner][vc_column_inner column_width_percent=&#8221;100&#8243; gutter_size=&#8221;3&#8243; style=&#8221;dark&#8221; overlay_alpha=&#8221;50&#8243; shift_x=&#8221;0&#8243; shift_y=&#8221;0&#8243; shift_y_down=&#8221;0&#8243; z_index=&#8221;0&#8243; medium_width=&#8221;0&#8243; mobile_width=&#8221;0&#8243; width=&#8221;1\/3&#8243; uncode_shortcode_id=&#8221;241071&#8243;][vc_single_image media=&#8221;113416&#8243; media_width_percent=&#8221;100&#8243; css_animation=&#8221;bottom-t-top&#8221; animation_delay=&#8221;200&#8243; uncode_shortcode_id=&#8221;734172&#8243;][vc_custom_heading heading_semantic=&#8221;h3&#8243; text_size=&#8221;h1&#8243; text_transform=&#8221;uppercase&#8221; text_height=&#8221;fontheight-179065&#8243; css_animation=&#8221;single-curtain&#8221; uncode_shortcode_id=&#8221;142748&#8243; text_color_type=&#8221;uncode-palette&#8221; text_color_solid=&#8221;#ff0000&#8243; subheading=&#8221;Account Director<br \/>\n+358 (0)40 824 1273<br \/>\njonna.jarvela@factornova.fi&#8221;]Jonna J\u00e4rvel\u00e4[\/vc_custom_heading][vc_button button_color=&#8221;accent&#8221; size=&#8221;link&#8221; btn_link_size=&#8221;h4&#8243; btn_link_underline=&#8221;btn-underline-out&#8221; custom_typo=&#8221;yes&#8221; font_family=&#8221;font-210444&#8243; font_weight=&#8221;900&#8243; text_transform=&#8221;uppercase&#8221; link=&#8221;url:https%3A%2F%2Fmeetings-eu1.hubspot.com%2Fjonna-jaervelae%3F__hstc%3D72302604.636a7d046f328b893def9dba13d92752.1773127026416.1775484352768.1775494716610.8%26__hssc%3D72302604.5.1775494716610%26__hsfp%3Df93b47f633b540b74745043324de5b26&#8243; button_color_type=&#8221;uncode-palette&#8221; uncode_shortcode_id=&#8221;145665&#8243;]Varaa palaveri kanssani[\/vc_button][\/vc_column_inner][vc_column_inner column_width_percent=&#8221;100&#8243; gutter_size=&#8221;3&#8243; overlay_alpha=&#8221;50&#8243; shift_x=&#8221;0&#8243; shift_y=&#8221;0&#8243; shift_y_down=&#8221;0&#8243; z_index=&#8221;0&#8243; medium_width=&#8221;0&#8243; mobile_width=&#8221;0&#8243; width=&#8221;1\/3&#8243; uncode_shortcode_id=&#8221;194243&#8243;][vc_single_image media=&#8221;113417&#8243; media_width_percent=&#8221;100&#8243; css_animation=&#8221;bottom-t-top&#8221; animation_delay=&#8221;400&#8243; uncode_shortcode_id=&#8221;142115&#8243;][vc_custom_heading heading_semantic=&#8221;h3&#8243; text_size=&#8221;h1&#8243; text_transform=&#8221;uppercase&#8221; text_height=&#8221;fontheight-179065&#8243; css_animation=&#8221;single-curtain&#8221; uncode_shortcode_id=&#8221;879189&#8243; text_color_type=&#8221;uncode-palette&#8221; text_color_solid=&#8221;#ff0000&#8243; subheading=&#8221;Growth Director<br \/>\n+358 (0)40 653 9960<br \/>\njyri.brunou@factornova.fi&#8221;]Jyri Brunou[\/vc_custom_heading][vc_button button_color=&#8221;accent&#8221; size=&#8221;link&#8221; btn_link_size=&#8221;h4&#8243; btn_link_underline=&#8221;btn-underline-out&#8221; custom_typo=&#8221;yes&#8221; font_family=&#8221;font-210444&#8243; font_weight=&#8221;900&#8243; text_transform=&#8221;uppercase&#8221; link=&#8221;url:https%3A%2F%2Fmeetings-eu1.hubspot.com%2Fjyri-brunou%3F__hstc%3D72302604.636a7d046f328b893def9dba13d92752.1773127026416.1775484352768.1775494716610.8%26__hssc%3D72302604.5.1775494716610%26__hsfp%3Df93b47f633b540b74745043324de5b26&#8243; button_color_type=&#8221;uncode-palette&#8221; uncode_shortcode_id=&#8221;211018&#8243;]Varaa palaveri kanssani[\/vc_button][\/vc_column_inner][\/vc_row_inner][\/vc_column][\/vc_row][vc_row unlock_row_content=&#8221;yes&#8221; row_height_percent=&#8221;0&#8243; override_padding=&#8221;yes&#8221; h_padding=&#8221;3&#8243; top_padding=&#8221;4&#8243; bottom_padding=&#8221;2&#8243; back_color=&#8221;color-jevc&#8221; overlay_alpha=&#8221;50&#8243; gutter_size=&#8221;4&#8243; column_width_use_pixel=&#8221;yes&#8221; shift_y=&#8221;0&#8243; z_index=&#8221;0&#8243; changer_back_color=&#8221;yes&#8221; content_parallax=&#8221;0&#8243; column_width_pixel=&#8221;1600&#8243; uncode_shortcode_id=&#8221;739618&#8243; back_color_type=&#8221;uncode-palette&#8221;][vc_column column_width_percent=&#8221;100&#8243; position_vertical=&#8221;middle&#8221; gutter_size=&#8221;3&#8243; style=&#8221;dark&#8221; overlay_alpha=&#8221;50&#8243; shift_x=&#8221;0&#8243; shift_y=&#8221;0&#8243; shift_y_down=&#8221;0&#8243; z_index=&#8221;0&#8243; medium_width=&#8221;0&#8243; mobile_width=&#8221;0&#8243; width=&#8221;5\/12&#8243; uncode_shortcode_id=&#8221;165873&#8243;][vc_custom_heading text_color=&#8221;color-210407&#8243; text_size=&#8221;fontsize-210105&#8243; text_transform=&#8221;uppercase&#8221; text_height=&#8221;fontheight-179065&#8243; css_animation=&#8221;single-curtain&#8221; uncode_shortcode_id=&#8221;210786&#8243; text_color_type=&#8221;uncode-palette&#8221;]Me olemme tapahtumaj\u00e4rjest\u00e4j\u00e4[\/vc_custom_heading][vc_column_text text_lead=&#8221;yes&#8221; css_animation=&#8221;left-t-right&#8221; uncode_shortcode_id=&#8221;876622&#8243;]Me olemme tapahtumaj\u00e4rjest\u00e4j\u00e4, jolle kokemuksellinen markkinointi on intohimo. Teemme tapahtumista ja ihmisten kohtaamisista asiakkaillemme tehokkaimman ja vaikuttavimman markkinointikanavan kaikkialla maailmassa. Todistamme osaamisemme teoin. Palvelemme joka p\u00e4iv\u00e4 asiakkaitamme ketter\u00e4sti ja laadukkaasti. Haastamme v\u00e4sym\u00e4tt\u00e4 asiakkaitamme ja tarjoamme uusia n\u00e4k\u00f6kulmia, konseptoimme oivaltavia tarinoita ja toteutamme vaikuttavia, tehokkaita ja kest\u00e4vi\u00e4 tapahtumia.[\/vc_column_text][\/vc_column][vc_column column_width_percent=&#8221;100&#8243; position_vertical=&#8221;middle&#8221; gutter_size=&#8221;3&#8243; style=&#8221;dark&#8221; overlay_alpha=&#8221;50&#8243; shift_x=&#8221;0&#8243; shift_y=&#8221;0&#8243; shift_y_down=&#8221;0&#8243; z_index=&#8221;0&#8243; medium_width=&#8221;0&#8243; mobile_width=&#8221;0&#8243; width=&#8221;7\/12&#8243; uncode_shortcode_id=&#8221;518142&#8243;][vc_single_image media=&#8221;113351&#8243; media_width_percent=&#8221;90&#8243; alignment=&#8221;right&#8221; css_animation=&#8221;right-t-left&#8221; animation_delay=&#8221;200&#8243; desktop_visibility=&#8221;yes&#8221; medium_visibility=&#8221;yes&#8221; mobile_visibility=&#8221;yes&#8221; uncode_shortcode_id=&#8221;100846&#8243;][vc_single_image media=&#8221;113480&#8243; media_width_percent=&#8221;90&#8243; alignment=&#8221;right&#8221; shape=&#8221;img-round&#8221; radius=&#8221;xl&#8221; css_animation=&#8221;right-t-left&#8221; animation_delay=&#8221;200&#8243; uncode_shortcode_id=&#8221;533609&#8243;][\/vc_column][\/vc_row][vc_row unlock_row_content=&#8221;yes&#8221; row_height_percent=&#8221;0&#8243; override_padding=&#8221;yes&#8221; h_padding=&#8221;3&#8243; top_padding=&#8221;2&#8243; bottom_padding=&#8221;4&#8243; back_color=&#8221;color-jevc&#8221; overlay_alpha=&#8221;50&#8243; gutter_size=&#8221;4&#8243; column_width_use_pixel=&#8221;yes&#8221; shift_y=&#8221;0&#8243; z_index=&#8221;0&#8243; changer_back_color=&#8221;yes&#8221; content_parallax=&#8221;0&#8243; column_width_pixel=&#8221;1600&#8243; uncode_shortcode_id=&#8221;155925&#8243; back_color_type=&#8221;uncode-palette&#8221;][vc_column column_width_percent=&#8221;100&#8243; gutter_size=&#8221;3&#8243; style=&#8221;dark&#8221; overlay_alpha=&#8221;50&#8243; shift_x=&#8221;0&#8243; shift_y=&#8221;0&#8243; shift_y_down=&#8221;0&#8243; z_index=&#8221;0&#8243; medium_width=&#8221;0&#8243; mobile_width=&#8221;0&#8243; width=&#8221;1\/3&#8243; uncode_shortcode_id=&#8221;313936&#8243;][vc_column_text text_lead=&#8221;yes&#8221; css_animation=&#8221;left-t-right&#8221; uncode_shortcode_id=&#8221;107936&#8243;]<strong>Factor Nova Oy<\/strong><\/p>\n<p>Y-tunnus: 1912004-5<br \/>\nVAT ID: FI19120045[\/vc_column_text][\/vc_column][vc_column column_width_percent=&#8221;100&#8243; gutter_size=&#8221;3&#8243; style=&#8221;dark&#8221; overlay_alpha=&#8221;50&#8243; shift_x=&#8221;4&#8243; shift_y=&#8221;0&#8243; shift_y_down=&#8221;0&#8243; z_index=&#8221;0&#8243; medium_width=&#8221;0&#8243; mobile_width=&#8221;0&#8243; width=&#8221;1\/3&#8243; uncode_shortcode_id=&#8221;337724&#8243;][vc_column_text text_lead=&#8221;small&#8221; css_animation=&#8221;left-t-right&#8221; animation_delay=&#8221;200&#8243; uncode_shortcode_id=&#8221;211539&#8243;]It\u00e4merenkatu 1<br \/>\n00180 Helsinki<\/p>\n<p><span aria-label=\"Soita numeroon 044 3779610\">044 3779610<\/span><br \/>\n<a href=\"mailto:info@factornova.fi\">info@factornova.fi<\/a>[\/vc_column_text][\/vc_column][vc_column column_width_percent=&#8221;100&#8243; gutter_size=&#8221;3&#8243; overlay_alpha=&#8221;50&#8243; shift_x=&#8221;0&#8243; shift_y=&#8221;0&#8243; shift_y_down=&#8221;0&#8243; z_index=&#8221;0&#8243; medium_width=&#8221;0&#8243; mobile_width=&#8221;0&#8243; width=&#8221;1\/3&#8243; uncode_shortcode_id=&#8221;539607&#8243;][vc_column_text text_lead=&#8221;small&#8221; css_animation=&#8221;left-t-right&#8221; animation_delay=&#8221;400&#8243; uncode_shortcode_id=&#8221;154683&#8243;]Verkkolaskuosoite: 003719120045<br \/>\nOperaattori: Apix Messaging Oy<br \/>\nOperaattoritunnus: 003723327487<\/p>\n<p><a href=\"#\">Tietosuojaseloste<\/a>[\/vc_column_text][\/vc_column][\/vc_row]<\/p>\n<\/div>","protected":false},"excerpt":{"rendered":"<p>[vc_row unlock_row_content=&#8221;yes&#8221; row_height_percent=&#8221;0&#8243; override_padding=&#8221;yes&#8221; h_padding=&#8221;3&#8243; top_padding=&#8221;3&#8243; bottom_padding=&#8221;5&#8243; back_color=&#8221;color-jevc&#8221; overlay_alpha=&#8221;50&#8243; gutter_size=&#8221;4&#8243; column_width_use_pixel=&#8221;yes&#8221; shift_y=&#8221;0&#8243; z_index=&#8221;0&#8243; desktop_visibility=&#8221;yes&#8221; medium_visibility=&#8221;yes&#8221; mobile_visibility=&#8221;yes&#8221; changer_back_color=&#8221;yes&#8221; content_parallax=&#8221;0&#8243; column_width_pixel=&#8221;1600&#8243; uncode_shortcode_id=&#8221;132976&#8243; [&hellip;]<\/p>\n","protected":false},"author":1,"featured_media":113257,"parent":0,"menu_order":0,"comment_status":"closed","ping_status":"closed","template":"","meta":{"footnotes":""},"class_list":["post-113401","page","type-page","status-publish","has-post-thumbnail","hentry"],"_links":{"self":[{"href":"https:\/\/dirtywebsite.fi\/factornova\/wp-json\/wp\/v2\/pages\/113401","targetHints":{"allow":["GET"]}}],"collection":[{"href":"https:\/\/dirtywebsite.fi\/factornova\/wp-json\/wp\/v2\/pages"}],"about":[{"href":"https:\/\/dirtywebsite.fi\/factornova\/wp-json\/wp\/v2\/types\/page"}],"author":[{"embeddable":true,"href":"https:\/\/dirtywebsite.fi\/factornova\/wp-json\/wp\/v2\/users\/1"}],"replies":[{"embeddable":true,"href":"https:\/\/dirtywebsite.fi\/factornova\/wp-json\/wp\/v2\/comments?post=113401"}],"version-history":[{"count":17,"href":"https:\/\/dirtywebsite.fi\/factornova\/wp-json\/wp\/v2\/pages\/113401\/revisions"}],"predecessor-version":[{"id":113482,"href":"https:\/\/dirtywebsite.fi\/factornova\/wp-json\/wp\/v2\/pages\/113401\/revisions\/113482"}],"wp:featuredmedia":[{"embeddable":true,"href":"https:\/\/dirtywebsite.fi\/factornova\/wp-json\/wp\/v2\/media\/113257"}],"wp:attachment":[{"href":"https:\/\/dirtywebsite.fi\/factornova\/wp-json\/wp\/v2\/media?parent=113401"}],"curies":[{"name":"wp","href":"https:\/\/api.w.org\/{rel}","templated":true}]}}